{"id":7274,"date":"2023-09-20T10:42:21","date_gmt":"2023-09-20T10:42:21","guid":{"rendered":"https:\/\/trokotex.pl\/?page_id=3"},"modified":"2023-09-20T10:42:21","modified_gmt":"2023-09-20T10:42:21","slug":"privacy-policy-2","status":"publish","type":"page","link":"https:\/\/trokotex.com\/index.php\/privacy-policy-2\/","title":{"rendered":"Privacy Policy"},"content":{"rendered":"\n<h1 class=\"heading max-w-medium mb-64\">Polityka prywatno\u015bci<\/h1>\n\n\n\n<p class=\"text\">Rodzaje informacji gromadzonych przez Trokotex Polymer Group Sp. z.o.o. i sposoby ich wykorzystywania<\/p>\n\n\n\n<p class=\"text\">Korzystanie z globalnego serwisu internetowego Trokotex Polymer Group Sp. z.o.o. jest anonimowe \u2013 u\u017cytkownik korzysta z serwisu nie podaj\u0105c swoich danych osobowych.<\/p>\n\n\n\n<p class=\"text\">W szczeg\u00f3lnych przypadkach jest jednak konieczne udost\u0119pnienie danych osobowych przez u\u017cytkownika.<\/p>\n\n\n\n<p class=\"text\">Rodzaje informacji: imi\u0119, nazwisko, adres lub identyfikator e-mail, wykszta\u0142cenie i do\u015bwiadczenie zawodowe, data urodzenia, numer telefonu.<\/p>\n\n\n\n<p class=\"text\">Dodatkowo u\u017cytkownik mo\u017ce dostarczy\u0107 informacji o produktach, kt\u00f3re go interesuj\u0105 oraz innych informacji zwi\u0105zanych z jego stylem \u017cycia.<\/p>\n\n\n\n<p class=\"text mb-56\">Sposoby wykorzystywania informacji przez Trokotex Polymer Group Sp. z.o.o.<\/p>\n\n\n\n<p class=\"text\" style=\"color:#B1B1B1\">Trokotex Polymer Group Sp. z.o.o. zbiera dane osobowe u\u017cytkownik\u00f3w serwisu internetowego, w celu dostarczania informacji o produktach, us\u0142ugach i promocjach, przeprowadzania bada\u0144 rynkowych lub bada\u0144 satysfakcji klienta, prowadzenia korespondencji, udost\u0119pniania us\u0142ugi subskrypcji, b\u0105d\u017a w sytuacji, gdy wymaga tego praca aplikacji, jak r\u00f3wnie\u017c na potrzeby dzia\u0142a\u0144 marketingowych prowadzonych przez Trokotex Polymer Group Sp. z.o.o. lub na jego zlecenie przez podmiot niezale\u017cny. Dane osobowe s\u0105 gromadzone r\u00f3wnie\u017c w celu rozwijania wsp\u00f3\u0142pracy biznesowej z kontrahentami oraz w celu przes\u0142ania bezp\u0142atnych pr\u00f3bek produkt\u00f3w. Ponadto u\u017cytkownicy przekazuj\u0105 dane osobowe ubiegaj\u0105c si\u0119 o prac\u0119 w Trokotex Polymer Group Sp. z.o.o.<\/p>\n\n\n\n<p class=\"text\" style=\"color:#B1B1B1\">W niekt\u00f3rych przypadkach konkretne serwisy internetowe Trokotex Polymer Group Sp. z.o.o. mog\u0105 zawiera\u0107 inne uwagi dotycz\u0105ce sposobu korzystania z serwisu oraz procedur dotycz\u0105cych post\u0119powania z podawanymi w nich informacjami.<\/p>\n\n\n\n<p class=\"text\" style=\"color:#B1B1B1\">Cookies<\/p>\n\n\n\n<h4 class=\"heading\">1. Czym s\u0105 pliki &#8220;cookies&#8221;?<\/h4>\n\n\n\n<p class=\"text\" style=\"color:#B1B1B1\">Ciasteczka (ang. &#8220;cookies&#8221;) to niewielkie pliki danych w szczeg\u00f3lno\u015bci pliki tekstowe, zapisywane przez serwer na Twoim komputerze. Pliki te pozwalaj\u0105 rozpozna\u0107 Twoje urz\u0105dzenie i odpowiednio wy\u015bwietli\u0107 stron\u0119 internetow\u0105 dostosowuj\u0105c j\u0105 do Twoich preferencji. &#8220;Cookies&#8221; zazwyczaj zawieraj\u0105 nazw\u0119 strony internetowej, z kt\u00f3rej pochodz\u0105, czas przechowywania ich na urz\u0105dzeniu oraz unikalny numer.<\/p>\n\n\n\n<h4 class=\"heading\">2. Do czego u\u017cywamy plik\u00f3w &#8220;cookies&#8221;?<\/h4>\n\n\n\n<p class=\"text\" style=\"color:#B1B1B1\">Pliki &#8220;cookies&#8221; u\u017cywane s\u0105 przez nas w celach statystycznych. Pliki &#8220;cookies&#8221; przechowuj\u0105 informacj\u0119 o geolokalizacji, j\u0119zyku odwiedzaj\u0105cego stron\u0119, oraz losowe dane dotycz\u0105ce identyfikator\u00f3w sesji. Pozyskane informacje pomagaj\u0105 nam budowa\u0107 statystyki dotycz\u0105ce ilo\u015bci nowych i sta\u0142ych u\u017cytkownik\u00f3w oraz umo\u017cliwiaj\u0105 nam analiz\u0119 odwiedzanych podstron. Wykorzystujemy &#8220;cookies&#8221; sta\u0142e \u2013 pliki pozostaj\u0105 na Twoim urz\u0105dzeniu przez czas okre\u015blony w parametrach plik\u00f3w &#8220;cookies&#8221; albo do momentu ich r\u0119cznego usuni\u0119cia.<\/p>\n\n\n\n<h4 class=\"heading\">3. W jaki spos\u00f3b zarz\u0105dza\u0107 plikami &#8220;cookies&#8221;?<\/h4>\n\n\n\n<p class=\"text\" style=\"color:#B1B1B1\">Mo\u017cesz w dowolnym momencie samodzielnie zmieni\u0107 ustawienia swojej przegl\u0105darki, by nie akceptowa\u0142a plik\u00f3w &#8220;cookies&#8221; lub informowa\u0142a o ich przesy\u0142aniu. Standardowo oprogramowanie s\u0142u\u017c\u0105ce do przegl\u0105dania stron internetowych domy\u015blnie dopuszcza umieszczanie plik\u00f3w &#8220;cookies&#8221;. Ustawienia przegl\u0105darki mog\u0105 zosta\u0107 zmienione w taki spos\u00f3b, aby blokowa\u0107 automatyczn\u0105 obs\u0142ug\u0119 plik\u00f3w &#8220;cookies&#8221;, lub informowa\u0107 o ich ka\u017cdorazowym przes\u0142aniu na urz\u0105dzenie u\u017cytkownika. Wi\u0119cej informacji o wy\u0142\u0105czeniu automatycznego zapisu plik\u00f3w &#8220;cookies&#8221; mo\u017cna odnale\u017a\u0107 w ustawieniach swojej przegl\u0105darki internetowej.<\/p>\n\n\n\n<h4 class=\"heading\">3. W jaki spos\u00f3b zarz\u0105dza\u0107 plikami &#8220;cookies&#8221;?<\/h4>\n\n\n\n<p class=\"text\" style=\"color:#B1B1B1\">Mo\u017cesz w dowolnym momencie samodzielnie zmieni\u0107 ustawienia swojej przegl\u0105darki, by nie akceptowa\u0142a plik\u00f3w &#8220;cookies&#8221; lub informowa\u0142a o ich przesy\u0142aniu. Standardowo oprogramowanie s\u0142u\u017c\u0105ce do przegl\u0105dania stron internetowych domy\u015blnie dopuszcza umieszczanie plik\u00f3w &#8220;cookies&#8221;. Ustawienia przegl\u0105darki mog\u0105 zosta\u0107 zmienione w taki spos\u00f3b, aby blokowa\u0107 automatyczn\u0105 obs\u0142ug\u0119 plik\u00f3w &#8220;cookies&#8221;, lub informowa\u0107 o ich ka\u017cdorazowym przes\u0142aniu na urz\u0105dzenie u\u017cytkownika. Wi\u0119cej informacji o wy\u0142\u0105czeniu automatycznego zapisu plik\u00f3w &#8220;cookies&#8221; mo\u017cna odnale\u017a\u0107 w ustawieniach swojej przegl\u0105darki internetowej.<\/p>\n\n\n\n<h5 class=\"heading\">Prezentacja produkt\u00f3w<\/h5>\n\n\n\n<p class=\"text\" style=\"color:#B1B1B1\">Dok\u0142adamy stara\u0144, aby wyroby prezentowane w serwisie by\u0142y w ci\u0105g\u0142ej sprzeda\u017cy, cho\u0107 dopuszczamy mo\u017cliwo\u015b\u0107 kr\u00f3tkich przerw w ich dostawach. Zastrzegamy mo\u017cliwo\u015b\u0107 zmian w parametrach technicznych wybranych wyrob\u00f3w, kt\u00f3re nie spowoduj\u0105 obni\u017cenia jako\u015bci i nie wp\u0142yn\u0105 znacz\u0105co na wygl\u0105d i funkcj\u0119 danego artyku\u0142u.<\/p>\n\n\n\n<h5 class=\"heading\">Poufno\u015b\u0107 informacji<\/h5>\n\n\n\n<p class=\"text\" style=\"color:#B1B1B1\">Trokotex Polymer Group Sp. z.o.o. nie przekazuje danych osobowych swoich klient\u00f3w \u017cadnym nieupowa\u017cnionym osobom trzecim \u2013 wykorzystuje je wy\u0142\u0105cznie do w\u0142asnych cel\u00f3w marketingowych. Dzielimy si\u0119 tymi danymi jedynie z us\u0142ugodawcami, kt\u00f3rych zaanga\u017cowali\u015bmy do realizowania us\u0142ug w naszym imieniu, ale nie upowa\u017cniamy tych us\u0142ugodawc\u00f3w do wykorzystywania lub ujawniania jakichkolwiek danych, z wyj\u0105tkiem sytuacji, gdy jest to konieczne do realizacji zleconych przez nas us\u0142ug albo, gdy istnieje konieczno\u015b\u0107 dostosowania si\u0119 do uregulowa\u0144 prawnych. Mo\u017cemy ujawnia\u0107 informacje o u\u017cytkownikach, kiedy jest to wymagane przez prawo.<\/p>\n\n\n\n<h5 class=\"heading\">Ochrona danych osobowych<\/h5>\n\n\n\n<p class=\"text\" style=\"color:#B1B1B1\">Dane osobowe udost\u0119pniane przez u\u017cytkownika w niniejszym serwisie podlegaj\u0105 ochronie na podstawie prawa polskiego. Trokotex Polymer Group Sp. z.o.o. chroni dane osobowe, znajduj\u0105ce si\u0119 w jego posiadaniu, przed nieautoryzowanym ujawnieniem, wykorzystaniem, zmian\u0105 i zniszczeniem, poprzez tworzenie odpowiednich procedur kontroli zabezpiecze\u0144, dla ochrony posiadanych przez nas danych osobowych przed wszelkim mo\u017cliwym do przewidzenia ryzykiem zgodnie z postanowieniami Ustawy z dnia 29 sierpnia 1997 r o ochronie danych osobowych (Dz.U. z 2002 nr 101 poz 926).<\/p>\n\n\n\n<h5 class=\"heading\">Aktualizacja informacji o ochronie danych osobowych<\/h5>\n\n\n\n<p class=\"text\" style=\"color:#B1B1B1\">Niniejsza informacja o ochronie danych osobowych b\u0119dzie aktualizowana niezw\u0142ocznie po wprowadzeniu zmian w naszych procedurach dotycz\u0105cych informacji. Korzystaj\u0105c z tej strony internetowej, u\u017cytkownik wyra\u017ca zgod\u0119 na przyj\u0119cie zasad niniejszej informacji o ochronie danych osobowych.<\/p>\n\n\n\n<h5 class=\"heading\">Zabezpieczenia<\/h5>\n\n\n\n<p class=\"text\" style=\"color:#B1B1B1\">Dok\u0142adamy stara\u0144, aby w mo\u017cliwie najlepszy spos\u00f3b zabezpieczy\u0107 informacje zebrane od Pa\u0144stwa drog\u0105 internetow\u0105 przed nieupowa\u017cnionym dost\u0119pem i wykorzystaniem.<\/p>\n\n\n\n<h5 class=\"heading\">Linki do innych stron<\/h5>\n\n\n\n<p class=\"text\" style=\"color:#B1B1B1\">Strona internetowa Trokotex Polymer Group Sp. z.o.o. mo\u017ce zawiera\u0107 linki do innych, niezale\u017cnie dzia\u0142aj\u0105cych stron, kt\u00f3re mog\u0105 mie\u0107 swoje w\u0142asne zasady ochrony danych osobowych. Linki te oznaczone s\u0105 niebieskim kolorem czcionki. Trokotex Polymer Group Sp. z.o.o. nie ponosi odpowiedzialno\u015bci za informacje, kt\u00f3re s\u0105 dostarczane przez te strony, albo gromadzone za ich po\u015brednictwem, ani za jakiekolwiek inne dzia\u0142ania tych stron.<\/p>\n\n\n\n<h5 class=\"heading\">Aktualizacja i usuni\u0119cie danych osobowych<\/h5>\n\n\n\n<p class=\"text\" style=\"color:#B1B1B1\">U\u017cytkownik serwisu ma prawo wgl\u0105du, usuni\u0119cia b\u0105d\u017a modyfikacji swoich danych osobowych. Uzyskanie informacji o danych osobowych, ich aktualizacja i usuni\u0119cie mo\u017ce si\u0119 odby\u0107 poprzez wys\u0142anie wiadomo\u015bci na adres przeznaczony do korespondencji:<\/p>\n\n\n\n<h5 class=\"heading\">Trokotex Polymer Group Sp. z.o.o.<br>ul. Wapienna 52, 87-100 Toru\u0144, woj. kujawsko-pomorskie<\/h5>\n\n\n\n<p class=\"text\" style=\"color:#B1B1B1\">Do przes\u0142anego zg\u0142oszenia powinny zosta\u0107 do\u0142\u0105czone nast\u0119puj\u0105ce informacje, kt\u00f3re zostan\u0105 u\u017cyte jedynie w celu realizacji zg\u0142oszenia: imi\u0119 i nazwisko, adres e-mail, okre\u015blenie oczekiwanej us\u0142ugi (informacja o posiadanych danych osobowych, ich modyfikacja b\u0105d\u017a usuni\u0119cie).<\/p>\n","protected":false},"excerpt":{"rendered":"","protected":false},"author":1,"featured_media":0,"parent":0,"menu_order":0,"comment_status":"closed","ping_status":"closed","template":"","meta":{"footnotes":""},"class_list":["post-7274","page","type-page","status-publish","hentry"],"_links":{"self":[{"href":"https:\/\/trokotex.com\/index.php\/wp-json\/wp\/v2\/pages\/7274","targetHints":{"allow":["GET"]}}],"collection":[{"href":"https:\/\/trokotex.com\/index.php\/wp-json\/wp\/v2\/pages"}],"about":[{"href":"https:\/\/trokotex.com\/index.php\/wp-json\/wp\/v2\/types\/page"}],"author":[{"embeddable":true,"href":"https:\/\/trokotex.com\/index.php\/wp-json\/wp\/v2\/users\/1"}],"replies":[{"embeddable":true,"href":"https:\/\/trokotex.com\/index.php\/wp-json\/wp\/v2\/comments?post=7274"}],"version-history":[{"count":0,"href":"https:\/\/trokotex.com\/index.php\/wp-json\/wp\/v2\/pages\/7274\/revisions"}],"wp:attachment":[{"href":"https:\/\/trokotex.com\/index.php\/wp-json\/wp\/v2\/media?parent=7274"}],"curies":[{"name":"wp","href":"https:\/\/api.w.org\/{rel}","templated":true}]}}