{"id":3509,"date":"2024-06-21T09:23:14","date_gmt":"2024-06-21T09:23:14","guid":{"rendered":"https:\/\/trokotex.pl\/?page_id=3509"},"modified":"2024-06-21T09:23:14","modified_gmt":"2024-06-21T09:23:14","slug":"zbiorniki-pionowe","status":"publish","type":"page","link":"https:\/\/trokotex.com\/index.php\/zbiorniki-pionowe\/","title":{"rendered":"Grupa produkt\u00f3w \u2013 Zbiorniki pionowe"},"content":{"rendered":"\n<header class=\"hero section max-w-full\">\n<div class=\"hero__inner-container inner-container is-root-container\">\n<div class=\"hero__slider slider splide js-slider has-arrows has-pagination\" data-splide=\"{ &quot;type&quot;: &quot;loop&quot;, &quot;autoplay&quot;: true, &quot;interval&quot;: 3500, &quot;breakpoints&quot;: { &quot;1280&quot;: { &quot;perPage&quot;: 1, &quot;perMove&quot;: 1 }, &quot;960&quot;: { &quot;perPage&quot;: 1, &quot;perMove&quot;: 1 }, &quot;640&quot;: { &quot;perPage&quot;: 1, &quot;perMove&quot;: 1 }, &quot;1&quot;: { &quot;perPage&quot;: 1, &quot;perMove&quot;: 1 } } }\"><div class=\"splide__track\"><div class=\"splide__list\">\n<div class=\"slider-item splide__slide\">\n<div class=\"hero-slide container\">\n<div class=\"hero-slide__content container\">\n<p class=\"text\">Zbiornik pionowy wykonany przez Trokotex<\/p>\n<\/div>\n<\/div>\n\n\n\n<div class=\"hero__background background\"><img loading=\"lazy\" decoding=\"async\" class=\"hero__background-image background__image wp-image-3375\" src=\"https:\/\/trokotex.com\/wp-content\/uploads\/2024\/06\/trokotex-procesowe-magazynowe-energoistal-zbiorniki-realizacja-grp.jpg\" alt=\"zbiorniki procesowe magazynowe, pionowe relalizacja producent grp trokotex\" width=\"1500\" height=\"1125\" srcset=\"https:\/\/trokotex.com\/wp-content\/uploads\/2024\/06\/trokotex-procesowe-magazynowe-energoistal-zbiorniki-realizacja-grp.jpg 1500w, https:\/\/trokotex.com\/wp-content\/uploads\/2024\/06\/trokotex-procesowe-magazynowe-energoistal-zbiorniki-realizacja-grp-300x225.jpg 300w, https:\/\/trokotex.com\/wp-content\/uploads\/2024\/06\/trokotex-procesowe-magazynowe-energoistal-zbiorniki-realizacja-grp-1024x768.jpg 1024w, https:\/\/trokotex.com\/wp-content\/uploads\/2024\/06\/trokotex-procesowe-magazynowe-energoistal-zbiorniki-realizacja-grp-768x576.jpg 768w\" sizes=\"auto, (max-width: 1500px) 100vw, 1500px\" \/><\/div>\n<\/div>\n\n\n\n<div class=\"slider-item splide__slide\">\n<div class=\"hero-slide container\">\n<div class=\"hero-slide__content container\">\n<p class=\"text\">Zbiornik pionowy wykonany przez Trokotex<\/p>\n<\/div>\n<\/div>\n\n\n\n<div class=\"hero__background background\"><img loading=\"lazy\" decoding=\"async\" class=\"hero__background-image background__image wp-image-1507\" src=\"https:\/\/trokotex.com\/wp-content\/uploads\/2023\/10\/trokotex-zbiorniki-4.jpg\" alt=\"zbiorniki pionowe grp, przemys\u0142owe do magazynowania substancji trokotex \" width=\"867\" height=\"1156\" srcset=\"https:\/\/trokotex.com\/wp-content\/uploads\/2023\/10\/trokotex-zbiorniki-4.jpg 867w, https:\/\/trokotex.com\/wp-content\/uploads\/2023\/10\/trokotex-zbiorniki-4-225x300.jpg 225w, https:\/\/trokotex.com\/wp-content\/uploads\/2023\/10\/trokotex-zbiorniki-4-768x1024.jpg 768w\" sizes=\"auto, (max-width: 867px) 100vw, 867px\" \/><\/div>\n<\/div>\n<\/div><\/div><nav class=\"splide__navigation\"><ul class=\"splide__pagination\"><\/ul><div class=\"splide__arrows\"><button class=\"splide__arrow splide__arrow--prev icon-button\"><span class=\"screen-reader-text\">Previous slide<\/span><span class=\"icon\"><svg xmlns=\"http:\/\/www.w3.org\/2000\/svg\" viewBox=\"0 0 13.4 15.7\" aria-hidden=\"true\"><path d=\"M0,7.9L13.4,0v15.7L0,7.9z\"><\/path><\/svg><\/span><span class=\"background\"><\/span><\/button><button class=\"splide__arrow splide__arrow--next icon-button\"><span class=\"screen-reader-text\">Next slide<\/span><span class=\"icon\"><svg xmlns=\"http:\/\/www.w3.org\/2000\/svg\" viewBox=\"0 0 13.4 15.7\" aria-hidden=\"true\"><path d=\"M13.4,7.9L0,15.7V0L13.4,7.9z\"><\/path><\/svg><\/span><span class=\"background\"><\/span><\/button><\/div><\/nav><\/div>\n<\/div>\n<\/header>\n\n\n\n<section id=\"ogolna-charakterystyka\" class=\"media-text section max-w-full mt-24 mb-24\">\n<div class=\"media-text__inner-container inner-container is-root-container pt-lg pb-lg\">\n<div class=\"links container max-w-medium mb-64\">\n<div class=\"links__buttons buttons has-centered-content\">\n<a href=\"\/#cta\" class=\"links__button button is-style-transparent color-white links__button__contact--orange links__button__contact--blue\" target=\"_self\" rel=\"noopener noreferrer\"><span class=\"text\">Zapytaj o ofert\u0119<\/span><\/a>\n\n\n\n<a href=\"\/#ogolna-charakterystyka\" class=\"links__button button is-style-transparent color-white\" target=\"_self\" rel=\"noopener noreferrer\"><span class=\"text\">Og\u00f3lna charakterystyka<\/span><\/a>\n\n\n\n<a href=\"\/#zalety-i-korzysci\" class=\"links__button button is-style-transparent color-white\" target=\"_self\" rel=\"noopener noreferrer\"><span class=\"text\">Zalety i korzy\u015bci<\/span><\/a>\n\n\n\n<a href=\"\/#rodzaje-zbiornikow\" class=\"links__button button is-style-transparent color-white\" target=\"_self\" rel=\"noopener noreferrer\"><span class=\"text\">Rodzaje zbiornik\u00f3w<\/span><\/a>\n\n\n\n<a href=\"\/#tabele-wymiarowe\" class=\"links__button button is-style-transparent color-white\" target=\"_self\" rel=\"noopener noreferrer\"><span class=\"text\">Tabele wymiarowe<\/span><\/a>\n\n\n\n<a href=\"\/#cta\" class=\"links__button button is-style-transparent color-white\" target=\"_self\" rel=\"noopener noreferrer\"><span class=\"text\">Konfigurator<\/span><\/a>\n\n\n\n<a href=\"\/#cta\" class=\"links__button button is-style-transparent color-white\" target=\"_self\" rel=\"noopener noreferrer\"><span class=\"text\">Wycena<\/span><\/a>\n\n\n\n<a href=\"\/#cta\" class=\"links__button button is-style-transparent color-white\" target=\"_self\" rel=\"noopener noreferrer\"><span class=\"text\">Katalog<\/span><\/a>\n<\/div>\n<\/div>\n\n\n\n<div class=\"media-text__wrapper container max-w-medium\">\n<div class=\"media-text__content container\">\n<h1 class=\"heading\"><strong>Zbiorniki pionowe<\/strong> TWS (GRP) &#8211; Trokotex<\/h1>\n\n\n\n<p><strong>Zbiorniki pionowe TROKOTEX przeznaczone s\u0105 przede wszystkim do montowania na fundamencie. Zbiorniki pionowe mog\u0105 by\u0107 instalowane zar\u00f3wno wewn\u0105trz, jak i na zewn\u0105trz obiektu, co sprawia, \u017ce idealnie wpisuj\u0105 si\u0119 w kategori\u0119 <a href=\"https:\/\/trokotex.com\/zbiorniki-naziemne\/\"><strong>zbiornik\u00f3w naziemnych<\/strong><\/a> Wykonywane s\u0105 standardowo w ci\u0105gu \u015brednic wewn\u0119trznych, d\u0142ugo\u015b\u0107 zbiornika jest dowolna \u2013 ograniczona praktycznie tylko ze wzgl\u0119du na mo\u017cliwo\u015bci transportowe.<\/strong><\/p>\n\n\n\n<p>Zbiorniki pionowe sk\u0142adaj\u0105 si\u0119 z walczaka oraz dw\u00f3ch dennic. Dennice te mog\u0105 by\u0107 wykonane w zale\u017cno\u015bci od potrzeb inwestora jako elipsoidalne, p\u0142askie lub sto\u017ckowe. Z uwagi na fakt, i\u017c ka\u017cdy zbiornik jest wykonywany na indywidualne zam\u00f3wienie Odbiorcy, rozmieszczenie i wielko\u015b\u0107 przy\u0142\u0105czy (podstawowe kr\u00f3\u0107ce, w\u0142azy, przy\u0142\u0105cza gwintowe) pozostaje kwesti\u0105 do uzgodnienia i nie wp\u0142ywa na cen\u0119 gotowego zbiornika.<\/p>\n\n\n\n<p><\/p>\n<\/div>\n\n\n\n<figure class=\"media-text__images container\">\n<div class=\"media-text__image image is-primary\"><img loading=\"lazy\" decoding=\"async\" src=\"https:\/\/trokotex.com\/wp-content\/uploads\/2023\/12\/zbiorniki-grp-magazynowe-przemyslowe.jpeg\" alt=\"zbiorniki pionowe, producent realizacja trokotex tws grp\" class=\"wp-image-2716\" width=\"1080\" height=\"1440\" srcset=\"https:\/\/trokotex.com\/wp-content\/uploads\/2023\/12\/zbiorniki-grp-magazynowe-przemyslowe.jpeg 1080w, https:\/\/trokotex.com\/wp-content\/uploads\/2023\/12\/zbiorniki-grp-magazynowe-przemyslowe-225x300.jpeg 225w, https:\/\/trokotex.com\/wp-content\/uploads\/2023\/12\/zbiorniki-grp-magazynowe-przemyslowe-768x1024.jpeg 768w\" sizes=\"auto, (max-width: 1080px) 100vw, 1080px\" \/><\/div>\n\n\n\n<div class=\"media-text__image image is-secondary is-align-bottom-right\"><img loading=\"lazy\" decoding=\"async\" src=\"https:\/\/trokotex.com\/wp-content\/uploads\/2023\/10\/rhombus-white.png\" class=\"wp-image-1179\" width=\"676\" height=\"676\" srcset=\"https:\/\/trokotex.com\/wp-content\/uploads\/2023\/10\/rhombus-white.png 676w, https:\/\/trokotex.com\/wp-content\/uploads\/2023\/10\/rhombus-white-300x300.png 300w, https:\/\/trokotex.com\/wp-content\/uploads\/2023\/10\/rhombus-white-150x150.png 150w\" sizes=\"auto, (max-width: 676px) 100vw, 676px\" \/><\/div>\n<\/figure>\n<\/div>\n<\/div>\n<\/section>\n\n\n\n<section id=\"\" class=\"media-text section max-w-full mt-24 mb-24\">\n<div class=\"media-text__inner-container inner-container is-root-container pt-lg pb-lg popmake-2947\">\n<div class=\"media-text__wrapper container max-w-medium\">\n<figure class=\"media-text__images container\">\n<div class=\"media-text__image image is-primary\"><img loading=\"lazy\" decoding=\"async\" src=\"https:\/\/trokotex.com\/wp-content\/uploads\/2024\/01\/IMG_20240103_083110.jpg\" alt=\"zbiorniki pionowe, przemys\u0142owe realizacja u Klienta, producent polski trokotex grp tws\" class=\"wp-image-2051\" width=\"723\" height=\"964\" srcset=\"https:\/\/trokotex.com\/wp-content\/uploads\/2024\/01\/IMG_20240103_083110.jpg 723w, https:\/\/trokotex.com\/wp-content\/uploads\/2024\/01\/IMG_20240103_083110-225x300.jpg 225w\" sizes=\"auto, (max-width: 723px) 100vw, 723px\" \/><\/div>\n\n\n\n<div class=\"media-text__image image is-secondary is-align-bottom-right\"><img loading=\"lazy\" decoding=\"async\" src=\"https:\/\/trokotex.com\/wp-content\/uploads\/2023\/10\/rhombus-white.png\" class=\"wp-image-1179\" width=\"676\" height=\"676\" srcset=\"https:\/\/trokotex.com\/wp-content\/uploads\/2023\/10\/rhombus-white.png 676w, https:\/\/trokotex.com\/wp-content\/uploads\/2023\/10\/rhombus-white-300x300.png 300w, https:\/\/trokotex.com\/wp-content\/uploads\/2023\/10\/rhombus-white-150x150.png 150w\" sizes=\"auto, (max-width: 676px) 100vw, 676px\" \/><\/div>\n<\/figure>\n\n\n\n<div class=\"media-text__content container\">\n<p>Ka\u017cdy wykonany przez nas wyr\u00f3b poddawany jest dok\u0142adnym badaniom. Chemoodporno\u015b\u0107 i wytrzyma\u0142o\u015b\u0107 mechaniczna naszych wyrob\u00f3w potwierdzona jest przez laboratoria badawcze uznane przez Urz\u0105d Dozoru Technicznego. Posiadamy wszelkie atesty chemoodporno\u015bci mi\u0119dzy innymi na: podchloryn sodu, kwas solny, kwas siarkowy, PIX, PAX, ALF, wod\u0119 do picia, przetwory owocowo-warzywne, \u015brodki spo\u017cywcze.<\/p>\n\n\n\n<p>Zbiorniki pionowe magazynowe na ciecze agresywne wykonywane s\u0105 zgodnie z dokumentacjami koncesyjnymi zatwierdzonymi przez Urz\u0105d Dozoru Technicznego. Do ka\u017cdego zbiorniki do\u0142\u0105czany jest paszport zbiornika, w sk\u0142ad kt\u00f3rego wchodz\u0105 mi\u0119dzy innymi: dane techniczne, rysunki techniczne, atesty, protoko\u0142y odbioru.<\/p>\n\n\n\n<p>Sprawd\u017a r\u00f3wnie\u017c nasze <a href=\"https:\/\/trokotex.com\/zbiorniki-technologiczne\/\"><strong>zbiorniki technologiczne<\/strong><\/a>, idealne do specjalistycznych zastosowa\u0144 w przemy\u015ble chemicznym i procesowym.<\/p>\n\n\n\n<p><\/p>\n<\/div>\n<\/div>\n<\/div>\n<\/section>\n\n\n\n<section id=\"zalety-i-korzysci\" class=\"benefits section max-w-full mt-96 mb-96\">\n<div class=\"benefits__inner-container inner-container is-root-container pt-lg pb-lg\">\n<div class=\"benefits__wrapper container max-w-medium\">\n<div class=\"benefits__content container\">\n<h2 class=\"benefits__content-title heading\">Zalety i korzy\u015bci zbiornik\u00f3w pionowych Trokotex<\/h2>\n\n\n\n<p class=\"benefits__content-lead text\">Zbiorniki pionowe magazynowe to niezb\u0119dny element w infrastrukturze magazynowej i przemys\u0142owej. Oferujemy szeroki wyb\u00f3r <a href=\"https:\/\/trokotex.com\/zbiorniki-grp\/\">zbiornik\u00f3w pionowych TWS<\/a>, kt\u00f3re cechuj\u0105 si\u0119 doskona\u0142\u0105 jako\u015bci\u0105 oraz wytrzyma\u0142o\u015bci\u0105. Nasze zbiorniki s\u0105 idealnym rozwi\u0105zaniem do przechowywania r\u00f3\u017cnorodnych substancji, takich jak woda, kwasy i \u0142ugi, dzi\u0119ki zastosowaniu wysokiej jako\u015bci tworzywa sztucznego.<\/p>\n\n\n\n<p class=\"benefits__content-text text\"><strong>Zbiorniki<\/strong>&nbsp;pionowe TROKOTEX znajduj\u0105 szerokie zastosowanie zar\u00f3wno w&nbsp;sektorze prywatnym jak i&nbsp;publicznym.  <\/p>\n\n\n\n<p class=\"benefits__content-text text\">Do produkcji wykorzystuje si\u0119 najwy\u017cszej jako\u015bci \u017cywice i&nbsp;w\u0142\u00f3kno szklane, co niesie za sob\u0105 wiele zalet:.<\/p>\n<\/div>\n\n\n\n<div class=\"benefits__items container\">\n<div class=\"benefits__item container\">\n<div class=\"benefits__item-icon image is-primary\"><img decoding=\"async\" src=\"https:\/\/trokotex.com\/wp-content\/uploads\/2024\/01\/ikona_1.svg\" class=\"wp-image-2035\"\/><\/div>\n\n\n\n<h3 class=\"benefits__item-title heading\">Brak kontaktu z medium<\/h3>\n\n\n\n<p class=\"benefits__item-text text\">\u017bywica nie wchodzi w&nbsp;kontakt z&nbsp;medium.<\/p>\n<\/div>\n\n\n\n<div class=\"benefits__item container\">\n<div class=\"benefits__item-icon image is-primary\"><img decoding=\"async\" src=\"https:\/\/trokotex.com\/wp-content\/uploads\/2024\/01\/ikona_2.svg\" class=\"wp-image-2036\"\/><\/div>\n\n\n\n<h3 class=\"benefits__item-title heading\">Odporno\u015b\u0107 antykorozyjna<\/h3>\n\n\n\n<p class=\"benefits__item-text text\">Zbiorniki posiadaj\u0105 doskona\u0142\u0105 odporno\u015b\u0107 antykorozyjn\u0105.<\/p>\n<\/div>\n\n\n\n<div class=\"benefits__item container\">\n<div class=\"benefits__item-icon image is-primary\"><img decoding=\"async\" src=\"https:\/\/trokotex.com\/wp-content\/uploads\/2024\/01\/ikona_3.svg\" class=\"wp-image-2037\"\/><\/div>\n\n\n\n<h3 class=\"benefits__item-title heading\">Wyroby ma\u0142o oraz wielogabarytowe<\/h3>\n\n\n\n<p class=\"benefits__item-text text\">Mo\u017cliwo\u015b\u0107 wykonania wyrob\u00f3w wielkogabarytowych o&nbsp;nietypowych kszta\u0142tach.<\/p>\n<\/div>\n\n\n\n<div class=\"benefits__item container\">\n<div class=\"benefits__item-icon image is-primary\"><img decoding=\"async\" src=\"https:\/\/trokotex.com\/wp-content\/uploads\/2024\/01\/ikona_4.svg\" class=\"wp-image-2038\"\/><\/div>\n\n\n\n<h3 class=\"benefits__item-title heading\">Wysoka wytrzyma\u0142o\u015b\u0107<\/h3>\n\n\n\n<p class=\"benefits__item-text text\">Zbiorniki charakteryzuj\u0105 si\u0119 niewielkim ci\u0119\u017carem, wysok\u0105 wytrzyma\u0142o\u015bci\u0105 mechaniczn\u0105 oraz odporno\u015bci\u0105 na dzia\u0142anie promieni UV.<\/p>\n<\/div>\n<\/div>\n<\/div>\n<\/div>\n<\/section>\n\n\n\n<section id=\"rodzaje-zbiornikow\" class=\"products-category section max-w-full mt-96 mb-112\">\n<div class=\"products-category__inner-container inner-container is-root-container\">\n<div class=\"products-category__header container max-w-medium\">\n<h2 class=\"products-category__header-title heading\">Rodzaje zbiornik\u00f3w dost\u0119pnych w naszej ofercie:<\/h2>\n<\/div>\n\n\n<\/div>\n<\/section>\n\n\n\n<section id=\"tabele-wymiarowe\" class=\"tables section max-w-full mt-96 mb-112\">\n<div class=\"tables__inner-container inner-container is-root-container\">\n<div class=\"tables__items container max-w-medium\">\n<h2 class=\"tables__title heading\">Tabele wymiarowe<\/h2>\n\n\n\n<figure class=\"gallery js-lightbox\"><div class=\"gallery__inner-container items-1 sm\/items-2 md\/items-3 gaps-16\">\n<div class=\"image has-lightbox\"><a href=\"https:\/\/trokotex.com\/wp-content\/uploads\/2023\/10\/Image-39.jpg\" class=\"inner-container\" data-pswp-width=\"387\" data-pswp-height=\"395\"><img loading=\"lazy\" decoding=\"async\" src=\"https:\/\/trokotex.com\/wp-content\/uploads\/2023\/10\/Image-39.jpg\" alt=\"zbiorniki magazynowe tws trokotex\" class=\"wp-image-340\" width=\"387\" height=\"395\" srcset=\"https:\/\/trokotex.com\/wp-content\/uploads\/2023\/10\/Image-39.jpg 387w, https:\/\/trokotex.com\/wp-content\/uploads\/2023\/10\/Image-39-294x300.jpg 294w\" sizes=\"auto, (max-width: 387px) 100vw, 387px\" \/><span class=\"icon\"><svg xmlns=\"http:\/\/www.w3.org\/2000\/svg\" width=\"30\" height=\"30\" viewBox=\"0 0 30 30\" aria-hidden=\"true\"><path d=\"M16.5,0C9.1,0,3,6.1,3,13.5c0,3.2,1.1,6.1,3,8.4l-5.5,5.5c-0.6,0.6-0.6,1.5,0,2.1C0.7,29.9,1.1,30,1.5,30s0.8-0.1,1.1-0.4 L8.1,24c2.3,1.8,5.2,3,8.4,3C23.9,27,30,20.9,30,13.5C30,6.1,23.9,0,16.5,0z M16.5,24c-2.9,0-5.5-1.2-7.4-3.1c0,0,0,0,0,0s0,0,0,0 C7.2,19,6,16.4,6,13.5C6,7.7,10.7,3,16.5,3C22.3,3,27,7.7,27,13.5C27,19.3,22.3,24,16.5,24z\"><\/path><path d=\"M21,12h-3V9c0-0.8-0.7-1.5-1.5-1.5S15,8.2,15,9v3h-3c-0.8,0-1.5,0.7-1.5,1.5S11.2,15,12,15h3v3c0,0.8,0.7,1.5,1.5,1.5 S18,18.8,18,18v-3h3c0.8,0,1.5-0.7,1.5-1.5S21.8,12,21,12z\"><\/path><\/svg><\/span><\/a><\/div>\n\n\n\n<div class=\"image has-lightbox\"><a href=\"https:\/\/trokotex.com\/wp-content\/uploads\/2023\/10\/Image-39.jpg\" class=\"inner-container\" data-pswp-width=\"387\" data-pswp-height=\"395\"><img loading=\"lazy\" decoding=\"async\" src=\"https:\/\/trokotex.com\/wp-content\/uploads\/2023\/10\/Image-39.jpg\" alt=\"zbiorniki przemys\u0142owe trokotex grp tabele techniczne\" class=\"wp-image-340\" width=\"387\" height=\"395\" srcset=\"https:\/\/trokotex.com\/wp-content\/uploads\/2023\/10\/Image-39.jpg 387w, https:\/\/trokotex.com\/wp-content\/uploads\/2023\/10\/Image-39-294x300.jpg 294w\" sizes=\"auto, (max-width: 387px) 100vw, 387px\" \/><span class=\"icon\"><svg xmlns=\"http:\/\/www.w3.org\/2000\/svg\" width=\"30\" height=\"30\" viewBox=\"0 0 30 30\" aria-hidden=\"true\"><path d=\"M16.5,0C9.1,0,3,6.1,3,13.5c0,3.2,1.1,6.1,3,8.4l-5.5,5.5c-0.6,0.6-0.6,1.5,0,2.1C0.7,29.9,1.1,30,1.5,30s0.8-0.1,1.1-0.4 L8.1,24c2.3,1.8,5.2,3,8.4,3C23.9,27,30,20.9,30,13.5C30,6.1,23.9,0,16.5,0z M16.5,24c-2.9,0-5.5-1.2-7.4-3.1c0,0,0,0,0,0s0,0,0,0 C7.2,19,6,16.4,6,13.5C6,7.7,10.7,3,16.5,3C22.3,3,27,7.7,27,13.5C27,19.3,22.3,24,16.5,24z\"><\/path><path d=\"M21,12h-3V9c0-0.8-0.7-1.5-1.5-1.5S15,8.2,15,9v3h-3c-0.8,0-1.5,0.7-1.5,1.5S11.2,15,12,15h3v3c0,0.8,0.7,1.5,1.5,1.5 S18,18.8,18,18v-3h3c0.8,0,1.5-0.7,1.5-1.5S21.8,12,21,12z\"><\/path><\/svg><\/span><\/a><\/div>\n\n\n\n<div class=\"image has-lightbox\"><a href=\"https:\/\/trokotex.com\/wp-content\/uploads\/2023\/10\/Image-39.jpg\" class=\"inner-container\" data-pswp-width=\"387\" data-pswp-height=\"395\"><img loading=\"lazy\" decoding=\"async\" src=\"https:\/\/trokotex.com\/wp-content\/uploads\/2023\/10\/Image-39.jpg\" alt=\"zbiorniki magazynowe konfirgurator zbiornik\u00f3w tws grp trokotex\" class=\"wp-image-340\" width=\"387\" height=\"395\" srcset=\"https:\/\/trokotex.com\/wp-content\/uploads\/2023\/10\/Image-39.jpg 387w, https:\/\/trokotex.com\/wp-content\/uploads\/2023\/10\/Image-39-294x300.jpg 294w\" sizes=\"auto, (max-width: 387px) 100vw, 387px\" \/><span class=\"icon\"><svg xmlns=\"http:\/\/www.w3.org\/2000\/svg\" width=\"30\" height=\"30\" viewBox=\"0 0 30 30\" aria-hidden=\"true\"><path d=\"M16.5,0C9.1,0,3,6.1,3,13.5c0,3.2,1.1,6.1,3,8.4l-5.5,5.5c-0.6,0.6-0.6,1.5,0,2.1C0.7,29.9,1.1,30,1.5,30s0.8-0.1,1.1-0.4 L8.1,24c2.3,1.8,5.2,3,8.4,3C23.9,27,30,20.9,30,13.5C30,6.1,23.9,0,16.5,0z M16.5,24c-2.9,0-5.5-1.2-7.4-3.1c0,0,0,0,0,0s0,0,0,0 C7.2,19,6,16.4,6,13.5C6,7.7,10.7,3,16.5,3C22.3,3,27,7.7,27,13.5C27,19.3,22.3,24,16.5,24z\"><\/path><path d=\"M21,12h-3V9c0-0.8-0.7-1.5-1.5-1.5S15,8.2,15,9v3h-3c-0.8,0-1.5,0.7-1.5,1.5S11.2,15,12,15h3v3c0,0.8,0.7,1.5,1.5,1.5 S18,18.8,18,18v-3h3c0.8,0,1.5-0.7,1.5-1.5S21.8,12,21,12z\"><\/path><\/svg><\/span><\/a><\/div>\n<\/div><\/figure>\n<\/div>\n<\/div>\n<\/section>\n\n\n\n<section id=\"cta\" class=\"configurator-cta section max-w-full mt-96 mb-96\">\n<div class=\"configurator-cta__inner-container inner-container is-root-container\">\n<div class=\"configurator-cta__items container max-w-medium\">\n<div class=\"configurator-cta__config container\">\n<h2 class=\"configurator-cta__config-title heading\">Konfigurator<\/h2>\n\n\n\n<p>Prezentujemy Pa\u0144stwu dedykowany Konfigurator Zbiornik\u00f3w, kt\u00f3ry u\u0142atwi i&nbsp;uatrakcyjni proces wyboru interesuj\u0105cych Pa\u0144stwa zbiornik\u00f3w.<\/p>\n\n\n\n<p>Konfigurator pozwala na wybranie odpowiedniego typu zbiornika wraz z&nbsp;okre\u015bleniem jego pojemno\u015bci [m<sup>3<\/sup>] i&nbsp;\u015brednicy [mm]. Na tej podstawie prezentowany jest rysunek Techniczny wraz ze szczeg\u00f3\u0142ow\u0105 specyfikacj\u0105 techniczn\u0105.<\/p>\n\n\n\n<a href=\"\/konfigurator\/\" class=\"configurator-cta__config-button button is-left-aligned bg-white\" target=\"_self\" rel=\"noopener noreferrer\" style=\"color:#2C2C2B\"><span class=\"text\">Skonfiguruj zbiornik<\/span><\/a>\n<\/div>\n\n\n\n<div class=\"configurator-cta__offer container\">\n<h2 class=\"configurator-cta__offer-title heading\">Zapytaj <br>o ofert\u0119<\/h2>\n\n\n\n<p class=\"configurator-cta__offer-text text\">Zadzwo\u0144<br><strong><a href=\"tel:+48728540350\">+48 728 540 350<\/a><\/strong><\/p>\n\n\n\n<p class=\"configurator-cta__offer-text text\">Napisz<br><strong><a href=\"mailto:zbiorniki@trokotex.pl\">zbiorniki@trokotex.pl<\/a><\/strong><\/p>\n\n\n\n<p class=\"text\"><strong>Porozmawiaj z in\u017cynierem<\/strong>. Ponad 15 lat do\u015bwiadczenia w zbiornikach TWS\/GRP<\/p>\n\n\n\n<a href=\"\/kontakt\/\" class=\"configurator-cta__offer-button button is-left-aligned\" target=\"_self\" rel=\"noopener noreferrer\"><span class=\"text\">Skontaktuj si\u0119 z nami<\/span><\/a>\n\n\n\n<figure class=\"configurator-cta__offer-image image\"><img loading=\"lazy\" decoding=\"async\" src=\"https:\/\/trokotex.com\/wp-content\/uploads\/2023\/10\/telefon-1.png\" alt=\"kontakt\" class=\"wp-image-1008\" width=\"259\" height=\"354\" srcset=\"https:\/\/trokotex.com\/wp-content\/uploads\/2023\/10\/telefon-1.png 259w, https:\/\/trokotex.com\/wp-content\/uploads\/2023\/10\/telefon-1-219x300.png 219w\" sizes=\"auto, (max-width: 259px) 100vw, 259px\" \/><\/figure>\n<\/div>\n\n\n\n<div class=\"configurator-cta__catalog container\">\n<figure class=\"configurator-cta__catalog-image image is-primary\"><a href=\"https:\/\/trokotex.com\/wp-content\/uploads\/2023\/12\/PL-Katalog-wyrobow-zbiorniki.pdf\" class=\"inner-container\" download><img loading=\"lazy\" decoding=\"async\" src=\"https:\/\/trokotex.com\/wp-content\/uploads\/2023\/12\/zbiorniki-trokotex-okladka.png\" alt=\"katalog produkt\u00f3w Trokotex\" class=\"wp-image-1790\" width=\"675\" height=\"954\" srcset=\"https:\/\/trokotex.com\/wp-content\/uploads\/2023\/12\/zbiorniki-trokotex-okladka.png 675w, https:\/\/trokotex.com\/wp-content\/uploads\/2023\/12\/zbiorniki-trokotex-okladka-212x300.png 212w\" sizes=\"auto, (max-width: 675px) 100vw, 675px\" \/><\/a><\/figure>\n\n\n\n<p class=\"configurator-cta__catalog-text text\">Katalog wyrob\u00f3w<\/p>\n<\/div>\n<\/div>\n<\/div>\n<\/section>\n","protected":false},"excerpt":{"rendered":"","protected":false},"author":1,"featured_media":0,"parent":0,"menu_order":0,"comment_status":"closed","ping_status":"closed","template":"templates\/template-blue-page.php","meta":{"footnotes":""},"class_list":["post-3509","page","type-page","status-publish","hentry"],"_links":{"self":[{"href":"https:\/\/trokotex.com\/index.php\/wp-json\/wp\/v2\/pages\/3509","targetHints":{"allow":["GET"]}}],"collection":[{"href":"https:\/\/trokotex.com\/index.php\/wp-json\/wp\/v2\/pages"}],"about":[{"href":"https:\/\/trokotex.com\/index.php\/wp-json\/wp\/v2\/types\/page"}],"author":[{"embeddable":true,"href":"https:\/\/trokotex.com\/index.php\/wp-json\/wp\/v2\/users\/1"}],"replies":[{"embeddable":true,"href":"https:\/\/trokotex.com\/index.php\/wp-json\/wp\/v2\/comments?post=3509"}],"version-history":[{"count":0,"href":"https:\/\/trokotex.com\/index.php\/wp-json\/wp\/v2\/pages\/3509\/revisions"}],"wp:attachment":[{"href":"https:\/\/trokotex.com\/index.php\/wp-json\/wp\/v2\/media?parent=3509"}],"curies":[{"name":"wp","href":"https:\/\/api.w.org\/{rel}","templated":true}]}}