{"id":3503,"date":"2024-06-21T09:15:51","date_gmt":"2024-06-21T09:15:51","guid":{"rendered":"https:\/\/trokotex.pl\/?page_id=3503"},"modified":"2024-06-21T09:15:51","modified_gmt":"2024-06-21T09:15:51","slug":"zbiorniki-z-wlokna-szklanego","status":"publish","type":"page","link":"https:\/\/trokotex.com\/index.php\/zbiorniki-z-wlokna-szklanego\/","title":{"rendered":"Grupa produkt\u00f3w &#8211; Zbiorniki z w\u0142\u00f3kna szklanego"},"content":{"rendered":"\n<header class=\"hero section max-w-full\">\n<div class=\"hero__inner-container inner-container is-root-container\">\n<div class=\"hero__slider slider splide js-slider has-arrows has-pagination\" data-splide=\"{ &quot;type&quot;: &quot;loop&quot;, &quot;autoplay&quot;: true, &quot;interval&quot;: 3500, &quot;breakpoints&quot;: { &quot;1280&quot;: { &quot;perPage&quot;: 1, &quot;perMove&quot;: 1 }, &quot;960&quot;: { &quot;perPage&quot;: 1, &quot;perMove&quot;: 1 }, &quot;640&quot;: { &quot;perPage&quot;: 1, &quot;perMove&quot;: 1 }, &quot;1&quot;: { &quot;perPage&quot;: 1, &quot;perMove&quot;: 1 } } }\"><div class=\"splide__track\"><div class=\"splide__list\">\n<div class=\"slider-item splide__slide\">\n<div class=\"hero-slide container\">\n<div class=\"hero-slide__content container\">\n<p>Zbiorniki z w\u0142\u00f3kna szklanego w produkcji Trokotex<\/p>\n<\/div>\n<\/div>\n\n\n\n<div class=\"hero__background background\"><img loading=\"lazy\" decoding=\"async\" class=\"hero__background-image background__image wp-image-2349\" src=\"https:\/\/trokotex.com\/wp-content\/uploads\/2024\/03\/trokotex-realizacja-zbiorniki-inwestycja-gfrp.jpg\" alt=\"zbiorniki z w\u0142\u00f3kna szklanego, zbiorniki magazynowe i procesowe trokotex grp\" width=\"2000\" height=\"1500\" srcset=\"https:\/\/trokotex.com\/wp-content\/uploads\/2024\/03\/trokotex-realizacja-zbiorniki-inwestycja-gfrp.jpg 2000w, https:\/\/trokotex.com\/wp-content\/uploads\/2024\/03\/trokotex-realizacja-zbiorniki-inwestycja-gfrp-300x225.jpg 300w, https:\/\/trokotex.com\/wp-content\/uploads\/2024\/03\/trokotex-realizacja-zbiorniki-inwestycja-gfrp-1024x768.jpg 1024w, https:\/\/trokotex.com\/wp-content\/uploads\/2024\/03\/trokotex-realizacja-zbiorniki-inwestycja-gfrp-768x576.jpg 768w, https:\/\/trokotex.com\/wp-content\/uploads\/2024\/03\/trokotex-realizacja-zbiorniki-inwestycja-gfrp-1536x1152.jpg 1536w\" sizes=\"auto, (max-width: 2000px) 100vw, 2000px\" \/><\/div>\n<\/div>\n\n\n\n<div class=\"slider-item splide__slide\">\n<div class=\"hero-slide container\">\n<div class=\"hero-slide__content container\">\n<p>Zbiorniki z w\u0142\u00f3kna szklanego w produkcji Trokotex<\/p>\n<\/div>\n<\/div>\n\n\n\n<div class=\"hero__background background\"><img loading=\"lazy\" decoding=\"async\" class=\"hero__background-image background__image wp-image-3619\" src=\"https:\/\/trokotex.com\/wp-content\/uploads\/2024\/06\/zbiorniki-magazynowe-cyklony-grp-trokotex-budowanictwo-inwestycja.jpg\" alt=\"zbiorniki z w\u0142\u00f3kna szklanego, magazynowe grp trokotex\" width=\"1500\" height=\"1125\" srcset=\"https:\/\/trokotex.com\/wp-content\/uploads\/2024\/06\/zbiorniki-magazynowe-cyklony-grp-trokotex-budowanictwo-inwestycja.jpg 1500w, https:\/\/trokotex.com\/wp-content\/uploads\/2024\/06\/zbiorniki-magazynowe-cyklony-grp-trokotex-budowanictwo-inwestycja-300x225.jpg 300w, https:\/\/trokotex.com\/wp-content\/uploads\/2024\/06\/zbiorniki-magazynowe-cyklony-grp-trokotex-budowanictwo-inwestycja-1024x768.jpg 1024w, https:\/\/trokotex.com\/wp-content\/uploads\/2024\/06\/zbiorniki-magazynowe-cyklony-grp-trokotex-budowanictwo-inwestycja-768x576.jpg 768w\" sizes=\"auto, (max-width: 1500px) 100vw, 1500px\" \/><\/div>\n<\/div>\n<\/div><\/div><nav class=\"splide__navigation\"><ul class=\"splide__pagination\"><\/ul><div class=\"splide__arrows\"><button class=\"splide__arrow splide__arrow--prev icon-button\"><span class=\"screen-reader-text\">Previous slide<\/span><span class=\"icon\"><svg xmlns=\"http:\/\/www.w3.org\/2000\/svg\" viewBox=\"0 0 13.4 15.7\" aria-hidden=\"true\"><path d=\"M0,7.9L13.4,0v15.7L0,7.9z\"><\/path><\/svg><\/span><span class=\"background\"><\/span><\/button><button class=\"splide__arrow splide__arrow--next icon-button\"><span class=\"screen-reader-text\">Next slide<\/span><span class=\"icon\"><svg xmlns=\"http:\/\/www.w3.org\/2000\/svg\" viewBox=\"0 0 13.4 15.7\" aria-hidden=\"true\"><path d=\"M13.4,7.9L0,15.7V0L13.4,7.9z\"><\/path><\/svg><\/span><span class=\"background\"><\/span><\/button><\/div><\/nav><\/div>\n<\/div>\n<\/header>\n\n\n\n<section id=\"ogolna-charakterystyka\" class=\"media-text section max-w-full mt-24 mb-24\">\n<div class=\"media-text__inner-container inner-container is-root-container pt-lg pb-lg\">\n<div class=\"links container max-w-medium mb-64\">\n<div class=\"links__buttons buttons has-centered-content\">\n<a href=\"\/#cta\" class=\"links__button button is-style-transparent color-white links__button__contact--orange links__button__contact--blue\" target=\"_self\" rel=\"noopener noreferrer\"><span class=\"text\">Zapytaj o ofert\u0119<\/span><\/a>\n\n\n\n<a href=\"\/#ogolna-charakterystyka\" class=\"links__button button is-style-transparent color-white\" target=\"_self\" rel=\"noopener noreferrer\"><span class=\"text\">Og\u00f3lna charakterystyka<\/span><\/a>\n\n\n\n<a href=\"\/#zalety-i-korzysci\" class=\"links__button button is-style-transparent color-white\" target=\"_self\" rel=\"noopener noreferrer\"><span class=\"text\">Zalety i korzy\u015bci<\/span><\/a>\n\n\n\n<a href=\"\/#rodzaje-zbiornikow\" class=\"links__button button is-style-transparent color-white\" target=\"_self\" rel=\"noopener noreferrer\"><span class=\"text\">Rodzaje zbiornik\u00f3w<\/span><\/a>\n\n\n\n<a href=\"\/#tabele-wymiarowe\" class=\"links__button button is-style-transparent color-white\" target=\"_self\" rel=\"noopener noreferrer\"><span class=\"text\">Tabele wymiarowe<\/span><\/a>\n\n\n\n<a href=\"\/#cta\" class=\"links__button button is-style-transparent color-white\" target=\"_self\" rel=\"noopener noreferrer\"><span class=\"text\">Konfigurator<\/span><\/a>\n\n\n\n<a href=\"\/#cta\" class=\"links__button button is-style-transparent color-white\" target=\"_self\" rel=\"noopener noreferrer\"><span class=\"text\">Wycena<\/span><\/a>\n\n\n\n<a href=\"\/#cta\" class=\"links__button button is-style-transparent color-white\" target=\"_self\" rel=\"noopener noreferrer\"><span class=\"text\">Katalog<\/span><\/a>\n<\/div>\n<\/div>\n\n\n\n<div class=\"media-text__wrapper container max-w-medium\">\n<div class=\"media-text__content container\">\n<h1 class=\"heading\">Zbiorniki z w\u0142\u00f3kna szklanego &#8211; Trokotex<\/h1>\n\n\n\n<p><strong>Zbiorniki kompozytowe wykonujemy z&nbsp;laminatu poliestrowo-szklanego znanego r\u00f3wnie\u017c pod nazw\u0105 TWS (Tworzywo Wzmacniane Szk\u0142em). TWS jest to kompozyt sk\u0142adaj\u0105cy si\u0119 z&nbsp;chemoodpornych, syntetycznych \u017cywic, zbrojonych odpowiednio dobranymi wzmocnieniami szklanymi. Inne znane nazwy tego tworzywa to GFK (z j\u0119zyka niemieckiego &#8211; Glasfaserverst\u00e4rkter Kunststoff)&nbsp;GRP lub FRP (z j\u0119zyka angielskiego \u2013 Glass Reinforced Plastic, Fiber Reinforced Plastic).&nbsp;<\/strong><\/p>\n\n\n\n<p><strong>Zbiorniki GRP<\/strong>&nbsp;coraz cz\u0119\u015bciej wypieraj\u0105 stal nierdzewn\u0105 i&nbsp;kwasoodporn\u0105 oraz stal powlekan\u0105 pow\u0142okami antykorozyjnymi. W&nbsp;miejscach w&nbsp;kt\u00f3rych wyst\u0119puje zjawisko silnej korozji i&nbsp;jest nara\u017cenie na dzia\u0142anie ci\u0119\u017ckiej chemii wszelkie odmiany stali nie zdaj\u0105 egzaminu. Od lat na \u015bwiecie produkowane i&nbsp;stosowane s\u0105 wyroby z&nbsp;GRP\/TWS z&nbsp;dodatkiem w\u0142\u00f3kna szklanego.<\/p>\n\n\n\n<p class=\"text\"><mark style=\"background-color:#fdbd00\" class=\"has-inline-color has-black-color\">Potrzebujesz wykonania seryjnych wyrob\u00f3w nietypowych z laminatu? Napisz do nas! zbiorniki@trokotex.pl<\/mark><\/p>\n\n\n\n<p class=\"text\"><a href=\"https:\/\/trokotex.com\/zbiorniki-magazynowe-wyroby-nietypowe-skrubery-absrobery-kominy\/\"><mark style=\"background-color:rgba(0, 0, 0, 0);color:#22b8e7\" class=\"has-inline-color\">https:\/\/trokotex.com\/zbiorniki-magazynowe-wyroby-nietypowe-skrubery-absrobery-kominy\/<\/mark><\/a><\/p>\n<\/div>\n\n\n\n<figure class=\"media-text__images container\">\n<div class=\"media-text__image image is-primary\"><img loading=\"lazy\" decoding=\"async\" src=\"https:\/\/trokotex.com\/wp-content\/uploads\/2024\/06\/zbiorniki-magazynowe-procesowe-wyroby-tws-absorbery.jpg\" alt=\"zbiorniki z w\u0142\u00f3kna szklanego przeznaczone do magazynowania, zbiorniki grp\" class=\"wp-image-3622\" width=\"1500\" height=\"2000\" srcset=\"https:\/\/trokotex.com\/wp-content\/uploads\/2024\/06\/zbiorniki-magazynowe-procesowe-wyroby-tws-absorbery.jpg 1500w, https:\/\/trokotex.com\/wp-content\/uploads\/2024\/06\/zbiorniki-magazynowe-procesowe-wyroby-tws-absorbery-225x300.jpg 225w, https:\/\/trokotex.com\/wp-content\/uploads\/2024\/06\/zbiorniki-magazynowe-procesowe-wyroby-tws-absorbery-768x1024.jpg 768w, https:\/\/trokotex.com\/wp-content\/uploads\/2024\/06\/zbiorniki-magazynowe-procesowe-wyroby-tws-absorbery-1152x1536.jpg 1152w\" sizes=\"auto, (max-width: 1500px) 100vw, 1500px\" \/><\/div>\n\n\n\n<div class=\"media-text__image image is-secondary is-align-bottom-right popmake-2947\"><img loading=\"lazy\" decoding=\"async\" src=\"https:\/\/trokotex.com\/wp-content\/uploads\/2023\/10\/rhombus-white.png\" class=\"wp-image-1179\" width=\"676\" height=\"676\" srcset=\"https:\/\/trokotex.com\/wp-content\/uploads\/2023\/10\/rhombus-white.png 676w, https:\/\/trokotex.com\/wp-content\/uploads\/2023\/10\/rhombus-white-300x300.png 300w, https:\/\/trokotex.com\/wp-content\/uploads\/2023\/10\/rhombus-white-150x150.png 150w\" sizes=\"auto, (max-width: 676px) 100vw, 676px\" \/><\/div>\n<\/figure>\n<\/div>\n<\/div>\n<\/section>\n\n\n\n<section class=\"media-text section max-w-full mt-24 mb-24\">\n<div class=\"media-text__inner-container inner-container is-root-container pt-lg pb-lg\">\n<div class=\"media-text__wrapper container max-w-medium\">\n<figure class=\"media-text__images container\">\n<div class=\"media-text__image image is-primary\"><img loading=\"lazy\" decoding=\"async\" src=\"https:\/\/trokotex.com\/wp-content\/uploads\/2024\/05\/zbiorniki-magazynowe-inwestycja-trokotex-tws-grp.jpg\" alt=\"zbiorniki kompozytowe do magazynowania, procesowe realizacja inwestycja trokotex, zbiorniki z w\u0142\u00f3kna szklanego\" class=\"wp-image-2800\" width=\"1500\" height=\"1125\" srcset=\"https:\/\/trokotex.com\/wp-content\/uploads\/2024\/05\/zbiorniki-magazynowe-inwestycja-trokotex-tws-grp.jpg 1500w, https:\/\/trokotex.com\/wp-content\/uploads\/2024\/05\/zbiorniki-magazynowe-inwestycja-trokotex-tws-grp-300x225.jpg 300w, https:\/\/trokotex.com\/wp-content\/uploads\/2024\/05\/zbiorniki-magazynowe-inwestycja-trokotex-tws-grp-1024x768.jpg 1024w, https:\/\/trokotex.com\/wp-content\/uploads\/2024\/05\/zbiorniki-magazynowe-inwestycja-trokotex-tws-grp-768x576.jpg 768w\" sizes=\"auto, (max-width: 1500px) 100vw, 1500px\" \/><\/div>\n\n\n\n<div class=\"media-text__image image is-secondary is-align-bottom-left\"><img loading=\"lazy\" decoding=\"async\" src=\"https:\/\/trokotex.com\/wp-content\/uploads\/2023\/10\/Zc.png\" alt=\"zbiorniki prostopad\u0142o\u015bcienne, zbiorniki z w\u0142\u00f3kna szklanego wyroby nietypowe grp trokotex\" class=\"wp-image-1184\" width=\"661\" height=\"661\" srcset=\"https:\/\/trokotex.com\/wp-content\/uploads\/2023\/10\/Zc.png 661w, https:\/\/trokotex.com\/wp-content\/uploads\/2023\/10\/Zc-300x300.png 300w, https:\/\/trokotex.com\/wp-content\/uploads\/2023\/10\/Zc-150x150.png 150w\" sizes=\"auto, (max-width: 661px) 100vw, 661px\" \/><\/div>\n<\/figure>\n\n\n\n<div class=\"media-text__content container\">\n<p class=\"text\" style=\"color:#a8a8a8\">Szeroka gama \u017cywic i&nbsp;ich parametr\u00f3w pozwala nam dok\u0142adnie oraz precyzyjnie dobra\u0107 odpowiednie surowce pod indywidualne zam\u00f3wienie klienta. Odporno\u015b\u0107 chemiczna laminatu na szereg odczynnik\u00f3w przemawia na korzy\u015b\u0107 zbiornik\u00f3w z&nbsp;tworzyw&nbsp;sztucznych.<\/p>\n\n\n\n<p class=\"text\" style=\"color:#a8a8a8\"><strong>Zbiorniki z&nbsp;w\u0142\u00f3kna szklanego<\/strong>&nbsp;zalecane s\u0105 ze wzgl\u0119du na ich wysok\u0105 wytrzyma\u0142o\u015b\u0107 mechaniczn\u0105, nisk\u0105 mas\u0119, odporno\u015b\u0107 na korozj\u0119 i&nbsp;dzia\u0142anie temperatury, w\u0142a\u015bciwo\u015bci izolacyjne, g\u0142adk\u0105 powierzchni\u0119 wewn\u0119trzn\u0105, \u0142atwo\u015b\u0107 kszta\u0142towania, \u0142atwo\u015b\u0107 naprawy i&nbsp;ekonomiczno\u015b\u0107 w&nbsp;eksploatacji.<\/p>\n<\/div>\n<\/div>\n<\/div>\n<\/section>\n\n\n\n<section id=\"zalety-i-korzysci\" class=\"benefits section max-w-full mt-96 mb-96\">\n<div class=\"benefits__inner-container inner-container is-root-container pt-lg pb-lg\">\n<div class=\"benefits__wrapper container max-w-medium\">\n<div class=\"benefits__content container\">\n<h2 class=\"benefits__content-title heading\">Zalety i korzy\u015bci zbiornik\u00f3w wykonanych z w\u0142\u00f3kna szklanego<\/h2>\n\n\n\n<p class=\"benefits__content-lead text\"><strong><a href=\"https:\/\/trokotex.com\/zbiorniki-magazynowe\/\">Zbiorniki magazynowe<\/a> z TWS<\/strong>&nbsp;to wiod\u0105cy produkt z&nbsp;oferty naszej&nbsp; firmy. Zbiorniki przeznaczone s\u0105 do magazynowania medium o wielorakim przeznaczeniu (woda, kwasy, \u0142ugi). Zbiorniki wykonane z&nbsp;tworzywa sztucznego&nbsp;doskonale r\u00f3wnie\u017c nadaj\u0105 si\u0119 do magazynowania wody pitnej, deszcz\u00f3wki czy&nbsp; wody technologicznej.<\/p>\n\n\n\n<p class=\"benefits__content-text text\"><strong>Zbiorniki<\/strong>&nbsp;TROKOTEX znajduj\u0105 szerokie zastosowanie zar\u00f3wno w&nbsp;sektorze prywatnym jak i&nbsp;publicznym. Doceniane s\u0105 przez Projektant\u00f3w Oczyszczalni \u015aciek\u00f3w, Stacji Uzdatniania Wody, jak te\u017c przez Generalnych Wykonawc\u00f3w inwestycji przemys\u0142owych, elektrowni, ochrony \u015brodowiska. <\/p>\n\n\n\n<p class=\"benefits__content-text text\">Do produkcji wykorzystuje si\u0119 najwy\u017cszej jako\u015bci \u017cywice i&nbsp;w\u0142\u00f3kno szklane, co niesie za sob\u0105 wiele zalet:.<\/p>\n<\/div>\n\n\n\n<div class=\"benefits__items container\">\n<div class=\"benefits__item container\">\n<div class=\"benefits__item-icon image is-primary\"><img decoding=\"async\" src=\"https:\/\/trokotex.com\/wp-content\/uploads\/2024\/01\/ikona_1.svg\" class=\"wp-image-2035\"\/><\/div>\n\n\n\n<h3 class=\"benefits__item-title heading\">Brak kontaktu z medium<\/h3>\n\n\n\n<p class=\"benefits__item-text text\">\u017bywica nie wchodzi w&nbsp;kontakt z&nbsp;medium jakim jest woda (woda nie jest zanieczyszczona).<\/p>\n<\/div>\n\n\n\n<div class=\"benefits__item container\">\n<div class=\"benefits__item-icon image is-primary\"><img decoding=\"async\" src=\"https:\/\/trokotex.com\/wp-content\/uploads\/2024\/01\/ikona_2.svg\" class=\"wp-image-2036\"\/><\/div>\n\n\n\n<h3 class=\"benefits__item-title heading\">Odporno\u015b\u0107 antykorozyjna<\/h3>\n\n\n\n<p class=\"benefits__item-text text\">Zbiorniki posiadaj\u0105 doskona\u0142\u0105 odporno\u015b\u0107 antykorozyjn\u0105.<\/p>\n<\/div>\n\n\n\n<div class=\"benefits__item container\">\n<div class=\"benefits__item-icon image is-primary\"><img decoding=\"async\" src=\"https:\/\/trokotex.com\/wp-content\/uploads\/2024\/01\/ikona_3.svg\" class=\"wp-image-2037\"\/><\/div>\n\n\n\n<h3 class=\"benefits__item-title heading\">Wyroby ma\u0142o oraz wielogabarytowe<\/h3>\n\n\n\n<p class=\"benefits__item-text text\">Mo\u017cliwo\u015b\u0107 wykonania wyrob\u00f3w wielkogabarytowych o&nbsp;nietypowych kszta\u0142tach.<\/p>\n<\/div>\n\n\n\n<div class=\"benefits__item container\">\n<div class=\"benefits__item-icon image is-primary\"><img decoding=\"async\" src=\"https:\/\/trokotex.com\/wp-content\/uploads\/2024\/01\/ikona_4.svg\" class=\"wp-image-2038\"\/><\/div>\n\n\n\n<h3 class=\"benefits__item-title heading\">Wysoka wytrzyma\u0142o\u015b\u0107<\/h3>\n\n\n\n<p class=\"benefits__item-text text\">Zbiorniki charakteryzuj\u0105 si\u0119 niewielkim ci\u0119\u017carem, wysok\u0105 wytrzyma\u0142o\u015bci\u0105 mechaniczn\u0105 oraz odporno\u015bci\u0105 na dzia\u0142anie promieni UV.<\/p>\n<\/div>\n<\/div>\n<\/div>\n<\/div>\n<\/section>\n\n\n\n<section id=\"rodzaje-zbiornikow\" class=\"products-category section max-w-full mt-96 mb-112\">\n<div class=\"products-category__inner-container inner-container is-root-container\">\n<div class=\"products-category__header container max-w-medium\">\n<h2 class=\"products-category__header-title heading\">Rodzaje zbiornik\u00f3w w ofercie Trokotex<\/h2>\n<\/div>\n\n\n<\/div>\n<\/section>\n\n\n\n<section id=\"tabele-wymiarowe\" class=\"tables section max-w-full mt-96 mb-112\">\n<div class=\"tables__inner-container inner-container is-root-container\">\n<div class=\"tables__items container max-w-medium\">\n<h2 class=\"tables__title heading\">Tabele wymiarowe<\/h2>\n\n\n\n<figure class=\"gallery js-lightbox\"><div class=\"gallery__inner-container items-1 sm\/items-2 md\/items-3 gaps-16\">\n<div class=\"image has-lightbox\"><a href=\"https:\/\/trokotex.com\/wp-content\/uploads\/2023\/10\/Image-39.jpg\" class=\"inner-container\" data-pswp-width=\"387\" data-pswp-height=\"395\"><img loading=\"lazy\" decoding=\"async\" src=\"https:\/\/trokotex.com\/wp-content\/uploads\/2023\/10\/Image-39.jpg\" alt=\"zbiorniki magazynowe tws trokotex\" class=\"wp-image-340\" width=\"387\" height=\"395\" srcset=\"https:\/\/trokotex.com\/wp-content\/uploads\/2023\/10\/Image-39.jpg 387w, https:\/\/trokotex.com\/wp-content\/uploads\/2023\/10\/Image-39-294x300.jpg 294w\" sizes=\"auto, (max-width: 387px) 100vw, 387px\" \/><span class=\"icon\"><svg xmlns=\"http:\/\/www.w3.org\/2000\/svg\" width=\"30\" height=\"30\" viewBox=\"0 0 30 30\" aria-hidden=\"true\"><path d=\"M16.5,0C9.1,0,3,6.1,3,13.5c0,3.2,1.1,6.1,3,8.4l-5.5,5.5c-0.6,0.6-0.6,1.5,0,2.1C0.7,29.9,1.1,30,1.5,30s0.8-0.1,1.1-0.4 L8.1,24c2.3,1.8,5.2,3,8.4,3C23.9,27,30,20.9,30,13.5C30,6.1,23.9,0,16.5,0z M16.5,24c-2.9,0-5.5-1.2-7.4-3.1c0,0,0,0,0,0s0,0,0,0 C7.2,19,6,16.4,6,13.5C6,7.7,10.7,3,16.5,3C22.3,3,27,7.7,27,13.5C27,19.3,22.3,24,16.5,24z\"><\/path><path d=\"M21,12h-3V9c0-0.8-0.7-1.5-1.5-1.5S15,8.2,15,9v3h-3c-0.8,0-1.5,0.7-1.5,1.5S11.2,15,12,15h3v3c0,0.8,0.7,1.5,1.5,1.5 S18,18.8,18,18v-3h3c0.8,0,1.5-0.7,1.5-1.5S21.8,12,21,12z\"><\/path><\/svg><\/span><\/a><\/div>\n\n\n\n<div class=\"image has-lightbox\"><a href=\"https:\/\/trokotex.com\/wp-content\/uploads\/2023\/10\/Image-39.jpg\" class=\"inner-container\" data-pswp-width=\"387\" data-pswp-height=\"395\"><img loading=\"lazy\" decoding=\"async\" src=\"https:\/\/trokotex.com\/wp-content\/uploads\/2023\/10\/Image-39.jpg\" alt=\"zbiorniki przemys\u0142owe trokotex grp tabele techniczne\" class=\"wp-image-340\" width=\"387\" height=\"395\" srcset=\"https:\/\/trokotex.com\/wp-content\/uploads\/2023\/10\/Image-39.jpg 387w, https:\/\/trokotex.com\/wp-content\/uploads\/2023\/10\/Image-39-294x300.jpg 294w\" sizes=\"auto, (max-width: 387px) 100vw, 387px\" \/><span class=\"icon\"><svg xmlns=\"http:\/\/www.w3.org\/2000\/svg\" width=\"30\" height=\"30\" viewBox=\"0 0 30 30\" aria-hidden=\"true\"><path d=\"M16.5,0C9.1,0,3,6.1,3,13.5c0,3.2,1.1,6.1,3,8.4l-5.5,5.5c-0.6,0.6-0.6,1.5,0,2.1C0.7,29.9,1.1,30,1.5,30s0.8-0.1,1.1-0.4 L8.1,24c2.3,1.8,5.2,3,8.4,3C23.9,27,30,20.9,30,13.5C30,6.1,23.9,0,16.5,0z M16.5,24c-2.9,0-5.5-1.2-7.4-3.1c0,0,0,0,0,0s0,0,0,0 C7.2,19,6,16.4,6,13.5C6,7.7,10.7,3,16.5,3C22.3,3,27,7.7,27,13.5C27,19.3,22.3,24,16.5,24z\"><\/path><path d=\"M21,12h-3V9c0-0.8-0.7-1.5-1.5-1.5S15,8.2,15,9v3h-3c-0.8,0-1.5,0.7-1.5,1.5S11.2,15,12,15h3v3c0,0.8,0.7,1.5,1.5,1.5 S18,18.8,18,18v-3h3c0.8,0,1.5-0.7,1.5-1.5S21.8,12,21,12z\"><\/path><\/svg><\/span><\/a><\/div>\n\n\n\n<div class=\"image has-lightbox\"><a href=\"https:\/\/trokotex.com\/wp-content\/uploads\/2023\/10\/Image-39.jpg\" class=\"inner-container\" data-pswp-width=\"387\" data-pswp-height=\"395\"><img loading=\"lazy\" decoding=\"async\" src=\"https:\/\/trokotex.com\/wp-content\/uploads\/2023\/10\/Image-39.jpg\" alt=\"zbiorniki magazynowe konfirgurator zbiornik\u00f3w tws grp trokotex\" class=\"wp-image-340\" width=\"387\" height=\"395\" srcset=\"https:\/\/trokotex.com\/wp-content\/uploads\/2023\/10\/Image-39.jpg 387w, https:\/\/trokotex.com\/wp-content\/uploads\/2023\/10\/Image-39-294x300.jpg 294w\" sizes=\"auto, (max-width: 387px) 100vw, 387px\" \/><span class=\"icon\"><svg xmlns=\"http:\/\/www.w3.org\/2000\/svg\" width=\"30\" height=\"30\" viewBox=\"0 0 30 30\" aria-hidden=\"true\"><path d=\"M16.5,0C9.1,0,3,6.1,3,13.5c0,3.2,1.1,6.1,3,8.4l-5.5,5.5c-0.6,0.6-0.6,1.5,0,2.1C0.7,29.9,1.1,30,1.5,30s0.8-0.1,1.1-0.4 L8.1,24c2.3,1.8,5.2,3,8.4,3C23.9,27,30,20.9,30,13.5C30,6.1,23.9,0,16.5,0z M16.5,24c-2.9,0-5.5-1.2-7.4-3.1c0,0,0,0,0,0s0,0,0,0 C7.2,19,6,16.4,6,13.5C6,7.7,10.7,3,16.5,3C22.3,3,27,7.7,27,13.5C27,19.3,22.3,24,16.5,24z\"><\/path><path d=\"M21,12h-3V9c0-0.8-0.7-1.5-1.5-1.5S15,8.2,15,9v3h-3c-0.8,0-1.5,0.7-1.5,1.5S11.2,15,12,15h3v3c0,0.8,0.7,1.5,1.5,1.5 S18,18.8,18,18v-3h3c0.8,0,1.5-0.7,1.5-1.5S21.8,12,21,12z\"><\/path><\/svg><\/span><\/a><\/div>\n<\/div><\/figure>\n<\/div>\n<\/div>\n<\/section>\n\n\n\n<section id=\"cta\" class=\"configurator-cta section max-w-full mt-96 mb-96\">\n<div class=\"configurator-cta__inner-container inner-container is-root-container\">\n<div class=\"configurator-cta__items container max-w-medium\">\n<div class=\"configurator-cta__config container\">\n<h2 class=\"configurator-cta__config-title heading\">Konfigurator<\/h2>\n\n\n\n<p>Prezentujemy Pa\u0144stwu dedykowany Konfigurator Zbiornik\u00f3w, kt\u00f3ry u\u0142atwi i&nbsp;uatrakcyjni proces wyboru interesuj\u0105cych Pa\u0144stwa zbiornik\u00f3w magazynowych.<\/p>\n\n\n\n<p>Konfigurator pozwala na wybranie odpowiedniego typu zbiornika wraz z&nbsp;okre\u015bleniem jego pojemno\u015bci [m<sup>3<\/sup>] i&nbsp;\u015brednicy [mm]. Na tej podstawie prezentowany jest rysunek Techniczny wraz ze szczeg\u00f3\u0142ow\u0105 specyfikacj\u0105 techniczn\u0105.<\/p>\n\n\n\n<a href=\"\/konfigurator\/\" class=\"configurator-cta__config-button button is-left-aligned bg-white\" target=\"_self\" rel=\"noopener noreferrer\" style=\"color:#2C2C2B\"><span class=\"text\">Skonfiguruj zbiornik<\/span><\/a>\n<\/div>\n\n\n\n<div class=\"configurator-cta__offer container\">\n<h2 class=\"configurator-cta__offer-title heading\">Zapytaj <br>o ofert\u0119<\/h2>\n\n\n\n<p class=\"configurator-cta__offer-text text\">Zadzwo\u0144<br><strong><a href=\"tel:+48728540350\">+48 728 540 350<\/a><\/strong><\/p>\n\n\n\n<p class=\"configurator-cta__offer-text text\">Napisz<br><strong><a href=\"mailto:zbiorniki@trokotex.pl\">zbiorniki@trokotex.pl<\/a><\/strong><\/p>\n\n\n\n<p class=\"text\"><strong>Porozmawiaj z in\u017cynierem<\/strong>. Ponad 15 lat do\u015bwiadczenia w zbiornikach TWS\/GRP<\/p>\n\n\n\n<a href=\"\/kontakt\/\" class=\"configurator-cta__offer-button button is-left-aligned\" target=\"_self\" rel=\"noopener noreferrer\"><span class=\"text\">Skontaktuj si\u0119 z nami<\/span><\/a>\n\n\n\n<figure class=\"configurator-cta__offer-image image\"><img loading=\"lazy\" decoding=\"async\" src=\"https:\/\/trokotex.com\/wp-content\/uploads\/2023\/10\/telefon-1.png\" class=\"wp-image-1008\" width=\"259\" height=\"354\" srcset=\"https:\/\/trokotex.com\/wp-content\/uploads\/2023\/10\/telefon-1.png 259w, https:\/\/trokotex.com\/wp-content\/uploads\/2023\/10\/telefon-1-219x300.png 219w\" sizes=\"auto, (max-width: 259px) 100vw, 259px\" \/><\/figure>\n<\/div>\n\n\n\n<div class=\"configurator-cta__catalog container\">\n<figure class=\"configurator-cta__catalog-image image is-primary\"><a href=\"https:\/\/trokotex.com\/wp-content\/uploads\/2023\/12\/PL-Katalog-wyrobow-zbiorniki.pdf\" class=\"inner-container\" download><img loading=\"lazy\" decoding=\"async\" src=\"https:\/\/trokotex.com\/wp-content\/uploads\/2023\/12\/zbiorniki-trokotex-okladka.png\" class=\"wp-image-1790\" width=\"675\" height=\"954\" srcset=\"https:\/\/trokotex.com\/wp-content\/uploads\/2023\/12\/zbiorniki-trokotex-okladka.png 675w, https:\/\/trokotex.com\/wp-content\/uploads\/2023\/12\/zbiorniki-trokotex-okladka-212x300.png 212w\" sizes=\"auto, (max-width: 675px) 100vw, 675px\" \/><\/a><\/figure>\n\n\n\n<p class=\"configurator-cta__catalog-text text\">Katalog wyrob\u00f3w<\/p>\n<\/div>\n<\/div>\n<\/div>\n<\/section>\n","protected":false},"excerpt":{"rendered":"","protected":false},"author":1,"featured_media":0,"parent":0,"menu_order":0,"comment_status":"closed","ping_status":"closed","template":"templates\/template-blue-page.php","meta":{"footnotes":""},"class_list":["post-3503","page","type-page","status-publish","hentry"],"_links":{"self":[{"href":"https:\/\/trokotex.com\/index.php\/wp-json\/wp\/v2\/pages\/3503","targetHints":{"allow":["GET"]}}],"collection":[{"href":"https:\/\/trokotex.com\/index.php\/wp-json\/wp\/v2\/pages"}],"about":[{"href":"https:\/\/trokotex.com\/index.php\/wp-json\/wp\/v2\/types\/page"}],"author":[{"embeddable":true,"href":"https:\/\/trokotex.com\/index.php\/wp-json\/wp\/v2\/users\/1"}],"replies":[{"embeddable":true,"href":"https:\/\/trokotex.com\/index.php\/wp-json\/wp\/v2\/comments?post=3503"}],"version-history":[{"count":0,"href":"https:\/\/trokotex.com\/index.php\/wp-json\/wp\/v2\/pages\/3503\/revisions"}],"wp:attachment":[{"href":"https:\/\/trokotex.com\/index.php\/wp-json\/wp\/v2\/media?parent=3503"}],"curies":[{"name":"wp","href":"https:\/\/api.w.org\/{rel}","templated":true}]}}