{"id":3231,"date":"2024-06-07T14:43:27","date_gmt":"2024-06-07T14:43:27","guid":{"rendered":"https:\/\/trokotex.pl\/grupa-produktow-zbiorniki\/"},"modified":"2024-06-07T14:43:27","modified_gmt":"2024-06-07T14:43:27","slug":"zbiorniki-magazynowe-wyroby-nietypowe-skrubery-absrobery-kominy","status":"publish","type":"page","link":"https:\/\/trokotex.com\/index.php\/zbiorniki-magazynowe-wyroby-nietypowe-skrubery-absrobery-kominy\/","title":{"rendered":"Wyroby nietypowe i osprz\u0119t"},"content":{"rendered":"\n<header class=\"hero section max-w-full\">\n<div class=\"hero__inner-container inner-container is-root-container\">\n<div class=\"hero__slider slider splide js-slider has-arrows has-pagination\" data-splide=\"{ &quot;type&quot;: &quot;loop&quot;, &quot;autoplay&quot;: true, &quot;interval&quot;: 3500, &quot;breakpoints&quot;: { &quot;1280&quot;: { &quot;perPage&quot;: 1, &quot;perMove&quot;: 1 }, &quot;960&quot;: { &quot;perPage&quot;: 1, &quot;perMove&quot;: 1 }, &quot;640&quot;: { &quot;perPage&quot;: 1, &quot;perMove&quot;: 1 }, &quot;1&quot;: { &quot;perPage&quot;: 1, &quot;perMove&quot;: 1 } } }\"><div class=\"splide__track\"><div class=\"splide__list\">\n<div class=\"slider-item splide__slide\">\n<div class=\"hero-slide container\">\n<div class=\"hero-slide__content container\">\n<p>Wyroby nietypowe i osprz\u0119t<\/p>\n<\/div>\n<\/div>\n\n\n\n<div class=\"hero__background background\"><img loading=\"lazy\" decoding=\"async\" class=\"hero__background-image background__image wp-image-3396\" src=\"https:\/\/trokotex.com\/wp-content\/uploads\/2024\/06\/zbiorniki-przemyslowe-wyroby-nietypowe-z-kompozytu-tws-1.jpg\" alt=\"zbiorniki do magazynowania, procesowe, wyroby nietypowe z laminatu, kominy, absorbery, trokotex, grp\" width=\"1498\" height=\"975\" srcset=\"https:\/\/trokotex.com\/wp-content\/uploads\/2024\/06\/zbiorniki-przemyslowe-wyroby-nietypowe-z-kompozytu-tws-1.jpg 1498w, https:\/\/trokotex.com\/wp-content\/uploads\/2024\/06\/zbiorniki-przemyslowe-wyroby-nietypowe-z-kompozytu-tws-1-300x195.jpg 300w, https:\/\/trokotex.com\/wp-content\/uploads\/2024\/06\/zbiorniki-przemyslowe-wyroby-nietypowe-z-kompozytu-tws-1-1024x666.jpg 1024w, https:\/\/trokotex.com\/wp-content\/uploads\/2024\/06\/zbiorniki-przemyslowe-wyroby-nietypowe-z-kompozytu-tws-1-768x500.jpg 768w\" sizes=\"auto, (max-width: 1498px) 100vw, 1498px\" \/><\/div>\n<\/div>\n\n\n\n<div class=\"slider-item splide__slide\">\n<div class=\"hero-slide container\">\n<div class=\"hero-slide__content container\">\n<p>Wyroby nietypowe i osprz\u0119t<\/p>\n<\/div>\n<\/div>\n\n\n\n<div class=\"hero__background background\"><img loading=\"lazy\" decoding=\"async\" class=\"hero__background-image background__image wp-image-3330\" src=\"https:\/\/trokotex.com\/wp-content\/uploads\/2024\/06\/wanna-galwaniaczna-zbiorniki-procesowe-tws-trokotex-producent.jpg\" alt=\"zbiorniki procesowe, magazynowe, wanny galwaniczne, wyroby z grp, absorbery trokotex\" width=\"1500\" height=\"968\" srcset=\"https:\/\/trokotex.com\/wp-content\/uploads\/2024\/06\/wanna-galwaniaczna-zbiorniki-procesowe-tws-trokotex-producent.jpg 1500w, https:\/\/trokotex.com\/wp-content\/uploads\/2024\/06\/wanna-galwaniaczna-zbiorniki-procesowe-tws-trokotex-producent-300x194.jpg 300w, https:\/\/trokotex.com\/wp-content\/uploads\/2024\/06\/wanna-galwaniaczna-zbiorniki-procesowe-tws-trokotex-producent-1024x661.jpg 1024w, https:\/\/trokotex.com\/wp-content\/uploads\/2024\/06\/wanna-galwaniaczna-zbiorniki-procesowe-tws-trokotex-producent-768x496.jpg 768w\" sizes=\"auto, (max-width: 1500px) 100vw, 1500px\" \/><\/div>\n<\/div>\n<\/div><\/div><nav class=\"splide__navigation\"><ul class=\"splide__pagination\"><\/ul><div class=\"splide__arrows\"><button class=\"splide__arrow splide__arrow--prev icon-button\"><span class=\"screen-reader-text\">Previous slide<\/span><span class=\"icon\"><svg xmlns=\"http:\/\/www.w3.org\/2000\/svg\" viewBox=\"0 0 13.4 15.7\" aria-hidden=\"true\"><path d=\"M0,7.9L13.4,0v15.7L0,7.9z\"><\/path><\/svg><\/span><span class=\"background\"><\/span><\/button><button class=\"splide__arrow splide__arrow--next icon-button\"><span class=\"screen-reader-text\">Next slide<\/span><span class=\"icon\"><svg xmlns=\"http:\/\/www.w3.org\/2000\/svg\" viewBox=\"0 0 13.4 15.7\" aria-hidden=\"true\"><path d=\"M13.4,7.9L0,15.7V0L13.4,7.9z\"><\/path><\/svg><\/span><span class=\"background\"><\/span><\/button><\/div><\/nav><\/div>\n<\/div>\n<\/header>\n\n\n\n<section id=\"ogolna-charakterystyka\" class=\"media-text section max-w-full mt-24 mb-24\">\n<div class=\"media-text__inner-container inner-container is-root-container pt-lg pb-lg popmake-2947\">\n<div class=\"links container max-w-medium mb-64\">\n<div class=\"links__buttons buttons has-centered-content\">\n<a href=\"\/#cta\" class=\"links__button button is-style-transparent color-white links__button__contact--orange links__button__contact--blue\" target=\"_self\" rel=\"noopener noreferrer\"><span class=\"text\">Zapytaj o ofert\u0119<\/span><\/a>\n\n\n\n<a href=\"\/#ogolna-charakterystyka\" class=\"links__button button is-style-transparent color-white\" target=\"_self\" rel=\"noopener noreferrer\"><span class=\"text\">Og\u00f3lna charakterystyka<\/span><\/a>\n\n\n\n<a href=\"\/#zalety-i-korzysci\" class=\"links__button button is-style-transparent color-white\" target=\"_self\" rel=\"noopener noreferrer\"><span class=\"text\">Zalety i korzy\u015bci<\/span><\/a>\n\n\n\n<a href=\"\/#rodzaje-zbiornikow\" class=\"links__button button is-style-transparent color-white\" target=\"_self\" rel=\"noopener noreferrer\"><span class=\"text\">Rodzaje zbiornik\u00f3w<\/span><\/a>\n\n\n\n<a href=\"\/#cta\" class=\"links__button button is-style-transparent color-white\" target=\"_self\" rel=\"noopener noreferrer\"><span class=\"text\">Konfigurator<\/span><\/a>\n\n\n\n<a href=\"\/#cta\" class=\"links__button button is-style-transparent color-white\" target=\"_self\" rel=\"noopener noreferrer\"><span class=\"text\">Wycena<\/span><\/a>\n\n\n\n<a href=\"\/#cta\" class=\"links__button button is-style-transparent color-white\" target=\"_self\" rel=\"noopener noreferrer\"><span class=\"text\">Katalog<\/span><\/a>\n<\/div>\n<\/div>\n\n\n\n<div class=\"media-text__wrapper container max-w-medium\">\n<div class=\"media-text__content container\">\n<h1 class=\"heading\">Wyroby nietypowe i osprz\u0119t<\/h1>\n\n\n\n<p class=\"media-text__content-lead text\">Wyroby nietypowe i osprz\u0119t z laminatu. Zbiorniki magazynowe i aparatura TWS\/GRP. Innowacyjno\u015b\u0107 spotyka trwa\u0142o\u015b\u0107! Czy wiesz, \u017ce laminat jest materia\u0142em, kt\u00f3ry rewolucjonizuje przemys\u0142?<\/p>\n\n\n\n<p class=\"text\" style=\"color:#a8a8a8\">Dzi\u0119ki swojej wyj\u0105tkowej kombinacji lekko\u015bci, wytrzyma\u0142o\u015bci i odporno\u015bci na korozj\u0119, wyroby GRP\/TWS (Glass Reinforced Plastic) staj\u0105 si\u0119 niezast\u0105pionymi bohaterami naszych czas\u00f3w. <\/p>\n\n\n\n<p class=\"text\" style=\"color:#a8a8a8\">W naszej Ofercie z laminatu opr\u00f3cz zbiornik\u00f3w magazynowych i przemys\u0142owych znajd\u0105 Pa\u0144stwo mi\u0119dzy innymi:<\/p>\n\n\n\n<p class=\"text\">* <a href=\"https:\/\/trokotex.com\/produkty\/wanna-bezpieczenstwa\/\">Wanny bezpiecze\u0144stwa<\/a>, wanny galwaniczne<\/p>\n\n\n\n<p class=\"text\">* <a href=\"https:\/\/trokotex.com\/produkty\/kominy-przemyslowe\/\">Kominy przemys\u0142owe<\/a><\/p>\n\n\n\n<p class=\"text\">&#8211; <a href=\"https:\/\/trokotex.com\/produkty\/cyklony-przemyslowe\/\">Cyklony<\/a><\/p>\n\n\n\n<p class=\"text\">&#8211; <strong><a href=\"https:\/\/trokotex.com\/produkty\/skrubery\/\">Skrubery<\/a><\/strong><\/p>\n\n\n\n<p class=\"text color-white\">&#8211; <a href=\"https:\/\/trokotex.com\/produkty\/mieszalnik\/\"><strong>Mieszalniki<\/strong><\/a><\/p>\n\n\n\n<p class=\"text\">* <a href=\"https:\/\/trokotex.com\/produkty\/absorbery-przemyslowe\/\">Absorbery<\/a><\/p>\n\n\n\n<p class=\"text\">* Kana\u0142y spalin<\/p>\n\n\n\n<p class=\"text\">* Nietypowe wyroby seryjne wg indywidualnych projekt\u00f3w<\/p>\n<\/div>\n\n\n\n<figure class=\"media-text__images container\">\n<div class=\"media-text__image image is-primary\"><img loading=\"lazy\" decoding=\"async\" src=\"https:\/\/trokotex.com\/wp-content\/uploads\/2024\/06\/producent-zbiornikow-magazynowych-kominy-rurociagi-trokotex-tws.jpg\" alt=\"zbiorniki procesowe grp kominy inwestycja trokotex\" class=\"wp-image-3324\" width=\"1500\" height=\"2000\" srcset=\"https:\/\/trokotex.com\/wp-content\/uploads\/2024\/06\/producent-zbiornikow-magazynowych-kominy-rurociagi-trokotex-tws.jpg 1500w, https:\/\/trokotex.com\/wp-content\/uploads\/2024\/06\/producent-zbiornikow-magazynowych-kominy-rurociagi-trokotex-tws-225x300.jpg 225w, https:\/\/trokotex.com\/wp-content\/uploads\/2024\/06\/producent-zbiornikow-magazynowych-kominy-rurociagi-trokotex-tws-768x1024.jpg 768w, https:\/\/trokotex.com\/wp-content\/uploads\/2024\/06\/producent-zbiornikow-magazynowych-kominy-rurociagi-trokotex-tws-1152x1536.jpg 1152w\" sizes=\"auto, (max-width: 1500px) 100vw, 1500px\" \/><\/div>\n\n\n\n<figure class=\"image\"><div class=\"inner-container r-16:9\"><img loading=\"lazy\" decoding=\"async\" src=\"https:\/\/trokotex.com\/wp-content\/uploads\/2024\/06\/zbiorniki-do-magazynowania-wyroby-z-laminatu-cyklony-kominy.jpg\" class=\"wp-image-3327 is-cropped\" width=\"1500\" height=\"1125\" srcset=\"https:\/\/trokotex.com\/wp-content\/uploads\/2024\/06\/zbiorniki-do-magazynowania-wyroby-z-laminatu-cyklony-kominy.jpg 1500w, https:\/\/trokotex.com\/wp-content\/uploads\/2024\/06\/zbiorniki-do-magazynowania-wyroby-z-laminatu-cyklony-kominy-300x225.jpg 300w, https:\/\/trokotex.com\/wp-content\/uploads\/2024\/06\/zbiorniki-do-magazynowania-wyroby-z-laminatu-cyklony-kominy-1024x768.jpg 1024w, https:\/\/trokotex.com\/wp-content\/uploads\/2024\/06\/zbiorniki-do-magazynowania-wyroby-z-laminatu-cyklony-kominy-768x576.jpg 768w\" sizes=\"auto, (max-width: 1500px) 100vw, 1500px\" \/><\/div><\/figure>\n<\/figure>\n<\/div>\n<\/div>\n<\/section>\n\n\n\n<section class=\"media-text section max-w-full mt-24 mb-24\">\n<div class=\"media-text__inner-container inner-container is-root-container pt-lg pb-lg\">\n<div class=\"media-text__wrapper container max-w-medium\">\n<figure class=\"media-text__images container\">\n<div class=\"media-text__image image is-primary\"><img loading=\"lazy\" decoding=\"async\" src=\"https:\/\/trokotex.com\/wp-content\/uploads\/2024\/06\/zbiorniki-przemyslowe-wyroby-nietypowe-z-kompozytu-tws.jpg\" alt=\"zbriorniki przemys\u0142owe procesowe kana\u0142y spalin trokotex grp\" class=\"wp-image-3325\" width=\"1498\" height=\"975\" srcset=\"https:\/\/trokotex.com\/wp-content\/uploads\/2024\/06\/zbiorniki-przemyslowe-wyroby-nietypowe-z-kompozytu-tws.jpg 1498w, https:\/\/trokotex.com\/wp-content\/uploads\/2024\/06\/zbiorniki-przemyslowe-wyroby-nietypowe-z-kompozytu-tws-300x195.jpg 300w, https:\/\/trokotex.com\/wp-content\/uploads\/2024\/06\/zbiorniki-przemyslowe-wyroby-nietypowe-z-kompozytu-tws-1024x666.jpg 1024w, https:\/\/trokotex.com\/wp-content\/uploads\/2024\/06\/zbiorniki-przemyslowe-wyroby-nietypowe-z-kompozytu-tws-768x500.jpg 768w\" sizes=\"auto, (max-width: 1498px) 100vw, 1498px\" \/><\/div>\n\n\n\n<div class=\"media-text__image image is-primary\"><img loading=\"lazy\" decoding=\"async\" src=\"https:\/\/trokotex.com\/wp-content\/uploads\/2024\/06\/kolumna-zbiorniki-tws-trokotex-wyroby-grp.jpg\" alt=\"zbiorniki grp wyroby z laminatu  kominy tws trokotex\" class=\"wp-image-3331\" width=\"1165\" height=\"868\" srcset=\"https:\/\/trokotex.com\/wp-content\/uploads\/2024\/06\/kolumna-zbiorniki-tws-trokotex-wyroby-grp.jpg 1165w, https:\/\/trokotex.com\/wp-content\/uploads\/2024\/06\/kolumna-zbiorniki-tws-trokotex-wyroby-grp-300x224.jpg 300w, https:\/\/trokotex.com\/wp-content\/uploads\/2024\/06\/kolumna-zbiorniki-tws-trokotex-wyroby-grp-1024x763.jpg 1024w, https:\/\/trokotex.com\/wp-content\/uploads\/2024\/06\/kolumna-zbiorniki-tws-trokotex-wyroby-grp-768x572.jpg 768w\" sizes=\"auto, (max-width: 1165px) 100vw, 1165px\" \/><\/div>\n\n\n\n<div class=\"media-text__image image is-primary\"><img loading=\"lazy\" decoding=\"async\" src=\"https:\/\/trokotex.com\/wp-content\/uploads\/2024\/06\/kolumny-zbiorniki-grp-reaktory-trokotex.jpg\" alt=\"skrubery kominy grp zbiorniki procesowe trokotex\" class=\"wp-image-3332\" width=\"1500\" height=\"1125\" srcset=\"https:\/\/trokotex.com\/wp-content\/uploads\/2024\/06\/kolumny-zbiorniki-grp-reaktory-trokotex.jpg 1500w, https:\/\/trokotex.com\/wp-content\/uploads\/2024\/06\/kolumny-zbiorniki-grp-reaktory-trokotex-300x225.jpg 300w, https:\/\/trokotex.com\/wp-content\/uploads\/2024\/06\/kolumny-zbiorniki-grp-reaktory-trokotex-1024x768.jpg 1024w, https:\/\/trokotex.com\/wp-content\/uploads\/2024\/06\/kolumny-zbiorniki-grp-reaktory-trokotex-768x576.jpg 768w\" sizes=\"auto, (max-width: 1500px) 100vw, 1500px\" \/><\/div>\n\n\n\n<figure class=\"image\"><img loading=\"lazy\" decoding=\"async\" src=\"https:\/\/trokotex.com\/wp-content\/uploads\/2024\/06\/zbiorniki-procesowe-do-magazynowania-grp-trokotex-realizacja.jpg\" class=\"wp-image-3326\" width=\"1497\" height=\"974\" srcset=\"https:\/\/trokotex.com\/wp-content\/uploads\/2024\/06\/zbiorniki-procesowe-do-magazynowania-grp-trokotex-realizacja.jpg 1497w, https:\/\/trokotex.com\/wp-content\/uploads\/2024\/06\/zbiorniki-procesowe-do-magazynowania-grp-trokotex-realizacja-300x195.jpg 300w, https:\/\/trokotex.com\/wp-content\/uploads\/2024\/06\/zbiorniki-procesowe-do-magazynowania-grp-trokotex-realizacja-1024x666.jpg 1024w, https:\/\/trokotex.com\/wp-content\/uploads\/2024\/06\/zbiorniki-procesowe-do-magazynowania-grp-trokotex-realizacja-768x500.jpg 768w\" sizes=\"auto, (max-width: 1497px) 100vw, 1497px\" \/><\/figure>\n\n\n\n<div class=\"media-text__image image is-primary\"><img loading=\"lazy\" decoding=\"async\" src=\"https:\/\/trokotex.com\/wp-content\/uploads\/2024\/06\/absorbery-zbiorniki-magazynowe-zbiorniki-procesowe-trokotex-1.jpg\" alt=\"absorbery z grp twsp roducent realizacja zbiorniki do magazynowania\" class=\"wp-image-3333\" width=\"1500\" height=\"1125\" srcset=\"https:\/\/trokotex.com\/wp-content\/uploads\/2024\/06\/absorbery-zbiorniki-magazynowe-zbiorniki-procesowe-trokotex-1.jpg 1500w, https:\/\/trokotex.com\/wp-content\/uploads\/2024\/06\/absorbery-zbiorniki-magazynowe-zbiorniki-procesowe-trokotex-1-300x225.jpg 300w, https:\/\/trokotex.com\/wp-content\/uploads\/2024\/06\/absorbery-zbiorniki-magazynowe-zbiorniki-procesowe-trokotex-1-1024x768.jpg 1024w, https:\/\/trokotex.com\/wp-content\/uploads\/2024\/06\/absorbery-zbiorniki-magazynowe-zbiorniki-procesowe-trokotex-1-768x576.jpg 768w\" sizes=\"auto, (max-width: 1500px) 100vw, 1500px\" \/><\/div>\n\n\n\n<div class=\"media-text__image image is-primary\"><img loading=\"lazy\" decoding=\"async\" src=\"https:\/\/trokotex.com\/wp-content\/uploads\/2025\/08\/Projekt-bez-nazwy-57.png\" class=\"wp-image-5405\" width=\"1227\" height=\"1742\" srcset=\"https:\/\/trokotex.com\/wp-content\/uploads\/2025\/08\/Projekt-bez-nazwy-57.png 1227w, https:\/\/trokotex.com\/wp-content\/uploads\/2025\/08\/Projekt-bez-nazwy-57-211x300.png 211w, https:\/\/trokotex.com\/wp-content\/uploads\/2025\/08\/Projekt-bez-nazwy-57-721x1024.png 721w, https:\/\/trokotex.com\/wp-content\/uploads\/2025\/08\/Projekt-bez-nazwy-57-768x1090.png 768w, https:\/\/trokotex.com\/wp-content\/uploads\/2025\/08\/Projekt-bez-nazwy-57-1082x1536.png 1082w\" sizes=\"auto, (max-width: 1227px) 100vw, 1227px\" \/><\/div>\n<\/figure>\n\n\n\n<div class=\"media-text__content container\">\n<p class=\"text\"><strong>Wanny bezpiecze\u0144stwa:<\/strong><\/p>\n\n\n\n<p class=\"text\" style=\"color:#a8a8a8\">Wanny bezpiecze\u0144stwa stanowi\u0105 samodzieln\u0105, bezpieczn\u0105 konstrukcj\u0119, kt\u00f3ra w przypadku powstania nieszczelno\u015bci zatrzymuje wyciek agresywnego czynnika i zabezpiecza przed ewentualnym ska\u017ceniem \u015brodowiska.<\/p>\n\n\n\n<p class=\"text\" style=\"color:#a8a8a8\">Urz\u0105dzenia produkowane s\u0105 z dw\u00f3ch konfiguracjach:<\/p>\n\n\n\n<p class=\"text\" style=\"color:#a8a8a8\">* cylindryczne (przeznaczone dla zbiornik\u00f3w pionowych)<\/p>\n\n\n\n<p class=\"text\" style=\"color:#a8a8a8\">* prostopad\u0142o\u015bcienne (przeznaczone dla zbiornik\u00f3w poziomych i pionowych)<\/p>\n\n\n\n<p class=\"text\"><strong>Kominy:<\/strong><\/p>\n\n\n\n<p class=\"text\" style=\"color:#a8a8a8\">W zwi\u0105zku z coraz nowocze\u015bniejszymi technologiami zastosowanymi w pozyskiwaniu \u017ar\u00f3de\u0142 energii stare elementy instalacji wykonane z betonu lub murowane nie wytrzymuj\u0105 wymagaj\u0105cych warunk\u00f3w pracy. Rozwi\u0105zaniem na tego typu trudno\u015bci jest zastosowanie komin\u00f3w wykonanych z Tworzywa Wzmocnionego Szk\u0142em. Lekka konstrukcja nie wymaga specjalistycznie przygotowanych fundament\u00f3w. Doskona\u0142a odporno\u015b\u0107 chemiczna, wytrzyma\u0142o\u015b\u0107 mechaniczna gwarantuje d\u0142ugoletni\u0105 prac\u0119.<\/p>\n\n\n\n<p class=\"text\"><strong>Skrubery:<\/strong><\/p>\n\n\n\n<p class=\"text\" style=\"color:#a8a8a8\">Do oczyszczania gaz\u00f3w z substancji sta\u0142ych z powodzeniem stosowane s\u0105 skrubery z Tworzywa Wzmocnionego Szk\u0142em, kt\u00f3re wypar\u0142y urz\u0105dzenia wykonane ze stali. Dost\u0119pno\u015b\u0107 \u017cywic o zr\u00f3\u017cnicowanych parametrach chemoodporno\u015bciowych oraz temperaturowych pozwala wykona\u0107 skruber pracuj\u0105cy w danych warunkach w optymalnej cenie. Zar\u00f3wno dzia\u0142anie wysokich temperatur, agresywnych medi\u00f3w (gazy, ciecze) oraz cz\u0105stek sta\u0142ych nie stanowi zagro\u017cenia dla prawid\u0142owego dzia\u0142ania urz\u0105dzenia. <\/p>\n\n\n\n<p class=\"text\"><strong>Mieszalniki:<\/strong><\/p>\n\n\n\n<p class=\"text\">Mieszalniki jako aparatu, w kt\u00f3rych zachodzi proces mieszania faz ciek\u0142ych oraz sta\u0142ych projektowane s\u0105 w celu optymalizacji procesu homogenizacji. Zar\u00f3wno uzyskanie jednorodnej temperatury, sk\u0142adu chemicznego, a tak\u017ce \u017c\u0105danego stadium ujednorodnienia mieszaniny wspomagany jest przez dob\u00f3r odpowiedniego mieszad\u0142a. Dodatkowo wyposa\u017cenie urz\u0105dzenia (\u0142amacze fal, kr\u00f3\u0107ce zasypowe), a tak\u017ce kszta\u0142t aparatu (cylindryczny, prostopad\u0142o\u015bcienny, sto\u017ckowy) zapewni idealne warunki pracy. <\/p>\n\n\n\n<p class=\"text\"><strong>Cyklony:<\/strong><\/p>\n\n\n\n<p class=\"text\">Urz\u0105dzenia wykorzystywane do czyszczenia powietrza z r\u00f3\u017cnego typu zanieczyszcze\u0144 py\u0142owych, w\u0142\u00f3knistych nazywane s\u0105 cyklonami. W przypadku cyklon\u00f3w stalowych korozja w\u017cerowa jest najcz\u0119stsz\u0105 przyczyn\u0105 awarii ci\u0105g\u00f3w oczyszczania gaz\u00f3w. Zastosowanie cyklon\u00f3w w wykonaniu z Tworzywa Wzmocnionego Szk\u0142em gwarantuje najwy\u017csz\u0105 skuteczno\u015b\u0107 procesu. Idealnie g\u0142adka powierzchnia z chemoodpornych \u017cywic syntetycznych wzbogacona w dodatki antyabrazyjne znalaz\u0142a zastosowanie nawet w najtrudniejszych warunkach pracy.<\/p>\n\n\n\n<p class=\"text\"><\/p>\n\n\n\n<p><a href=\"http:\/\/www.obrabiarki.xtech.pl\/artykuly\/zbiorniki-z-tworzyw-sztucznych-nowoczesne-rozwiazanie-dla-przemyslu-chemicznego-233084-6\" target=\"_blank\" rel=\"noreferrer noopener nofollow\">http:\/\/www.obrabiarki.xtech.pl\/artykuly\/zbiorniki-z-tworzyw-sztucznych-nowoczesne-rozwiazanie-dla-przemyslu-chemicznego-233084-6<\/a><\/p>\n\n\n\n<p><\/p>\n\n\n\n<p><\/p>\n<\/div>\n<\/div>\n<\/div>\n<\/section>\n\n\n\n<section id=\"zalety-i-korzysci\" class=\"benefits section max-w-full mt-96 mb-96\">\n<div class=\"benefits__inner-container inner-container is-root-container pt-lg pb-lg\">\n<div class=\"benefits__wrapper container max-w-medium\">\n<div class=\"benefits__content container\">\n<h2 class=\"benefits__content-title heading\">Zalety i korzy\u015bci<\/h2>\n\n\n\n<p class=\"benefits__content-lead text\"><strong><a href=\"https:\/\/trokotex.com\/zbiorniki-magazynowe\/\">Zbiorniki magazynowe<\/a> <\/strong>i aparatura GRP przynosz\u0105 niezliczone zalety i korzy\u015bci, kt\u00f3re zmieniaj\u0105 spos\u00f3b, w jaki pracujemy i wp\u0142ywaj\u0105 na nasze \u015brodowisko.<\/p>\n\n\n\n<p class=\"benefits__content-text text\">* Lekko\u015b\u0107 &#8211; wyroby GRP s\u0105 znacznie l\u017cejsze od tradycyjnych materia\u0142\u00f3w, co u\u0142atwia ich transport, monta\u017c i obs\u0142ug\u0119<\/p>\n\n\n\n<p class=\"benefits__content-text text\">* Zr\u00f3wnowa\u017cony rozw\u00f3j &#8211; korzystaj\u0105c z wyrob\u00f3w GRP, inwestujesz w przysz\u0142o\u015b\u0107 i dbasz o \u015brodowisko. Laminat jest materia\u0142em ekologicznym, kt\u00f3ry zapewnia redukcj\u0119 emisji CO2 i minimalizacj\u0119 odpad\u00f3w.<\/p>\n<\/div>\n\n\n\n<div class=\"benefits__items container\">\n<div class=\"benefits__item container\">\n<div class=\"benefits__item-icon image is-primary\"><img decoding=\"async\" src=\"https:\/\/trokotex.com\/wp-content\/uploads\/2024\/01\/ikona_1.svg\" class=\"wp-image-2035\"\/><\/div>\n\n\n\n<h3 class=\"benefits__item-title heading\">\u0141atwo\u015b\u0107 konserwacji<\/h3>\n\n\n\n<p class=\"benefits__item-text text\">Laminat nie wymaga skomplikowanych procedur konserwacji. Dzi\u0119ki swojej g\u0142adkiej powierzchni jest \u0142atwy do czyszczenia i utrzymania w doskona\u0142ym stanie. <\/p>\n<\/div>\n\n\n\n<div class=\"benefits__item container\">\n<div class=\"benefits__item-icon image is-primary\"><img decoding=\"async\" src=\"https:\/\/trokotex.com\/wp-content\/uploads\/2024\/01\/ikona_2.svg\" class=\"wp-image-2036\"\/><\/div>\n\n\n\n<h3 class=\"benefits__item-title heading\">Odporno\u015b\u0107 antykorozyjna<\/h3>\n\n\n\n<p class=\"benefits__item-text text\">Laminat jest odporny na dzia\u0142anie agresywnych substancji chemicznych i innych czynnik\u00f3w atmosferycznych, co sprawia, \u017ce zbiorniki i aparatura TWS s\u0105 niezawodne i trwa\u0142e. <\/p>\n<\/div>\n\n\n\n<div class=\"benefits__item container\">\n<div class=\"benefits__item-icon image is-primary\"><img decoding=\"async\" src=\"https:\/\/trokotex.com\/wp-content\/uploads\/2024\/01\/ikona_3.svg\" class=\"wp-image-2037\"\/><\/div>\n\n\n\n<h3 class=\"benefits__item-title heading\">Wyroby wielogabarytowe<\/h3>\n\n\n\n<p class=\"benefits__item-text text\">Mo\u017cliwo\u015b\u0107 wykonania wyrob\u00f3w wielkogabarytowych, zbiornik\u00f3w magazynowych o&nbsp;nietypowych kszta\u0142tach.<\/p>\n<\/div>\n\n\n\n<div class=\"benefits__item container\">\n<div class=\"benefits__item-icon image is-primary\"><img decoding=\"async\" src=\"https:\/\/trokotex.com\/wp-content\/uploads\/2024\/01\/ikona_4.svg\" class=\"wp-image-2038\"\/><\/div>\n\n\n\n<h3 class=\"benefits__item-title heading\">Wysoka wytrzyma\u0142o\u015b\u0107<\/h3>\n\n\n\n<p class=\"benefits__item-text text\">Wyroby z GRP s\u0105 niezwykle wytrzyma\u0142e, co sprawia, \u017ce s\u0105 idealne do przechowywania substancji chemicznych, olej\u00f3w, wody czy innych cieczy. <\/p>\n<\/div>\n<\/div>\n<\/div>\n<\/div>\n<\/section>\n\n\n\n<section id=\"rodzaje-zbiornikow\" class=\"products-category section max-w-full mt-96 mb-112\">\n<div class=\"products-category__inner-container inner-container is-root-container\">\n<div class=\"products-category__header container max-w-medium\">\n<h2 class=\"products-category__header-title heading\">Pozosta\u0142e produkty w naszej ofercie <\/h2>\n<\/div>\n\n\n<\/div>\n<\/section>\n\n\n\n<section id=\"cta\" class=\"cta section max-w-full mt-96 mb-96\">\n<div class=\"cta__inner-container inner-container is-root-container\">\n<div class=\"cta__items container max-w-medium\">\n<div class=\"cta__offer container\">\n<h3 class=\"configurator-cta__offer-title heading\">Zapytaj <br>o ofert\u0119<\/h3>\n\n\n\n<p class=\"configurator-cta__offer-text text\">Zadzwo\u0144<br><strong><a href=\"tel:+48728540350\">+48 728 540 350<\/a><\/strong><\/p>\n\n\n\n<p class=\"configurator-cta__offer-text text\">Napisz<br><strong><a href=\"mailto:zbiorniki@trokotex.pl\">zbiorniki@trokotex.pl<\/a><\/strong><\/p>\n\n\n\n<p class=\"text\"><strong>Porozmawiaj z in\u017cynierem<\/strong>.<\/p>\n\n\n\n<p class=\"text\"> Ponad 15 lat do\u015bwiadczenia w zbiornikach TWS\/GRP<\/p>\n\n\n\n<figure class=\"cta__offer-image image\"><img loading=\"lazy\" decoding=\"async\" src=\"https:\/\/trokotex.com\/wp-content\/uploads\/2023\/10\/telefon-2.png\" alt=\"Zapytaj o ofert\u0119\" class=\"wp-image-934\" width=\"487\" height=\"517\" srcset=\"https:\/\/trokotex.com\/wp-content\/uploads\/2023\/10\/telefon-2.png 487w, https:\/\/trokotex.com\/wp-content\/uploads\/2023\/10\/telefon-2-283x300.png 283w\" sizes=\"auto, (max-width: 487px) 100vw, 487px\" \/><\/figure>\n\n\n\n<a href=\"\/kontakt\/\" class=\"configurator-cta__offer-button button is-left-aligned\" target=\"_self\" rel=\"noopener noreferrer\"><span class=\"text\">Skontaktuj si\u0119 z nami<\/span><\/a>\n<\/div>\n\n\n\n<div class=\"cta__catalog container\">\n<figure class=\"configurator-cta__catalog-image image is-primary\"><a href=\"https:\/\/trokotex.com\/wp-content\/uploads\/2023\/12\/PL-Katalog-wyrobow-zbiorniki.pdf\" class=\"inner-container\" download><img loading=\"lazy\" decoding=\"async\" src=\"https:\/\/trokotex.com\/wp-content\/uploads\/2023\/12\/zbiorniki-trokotex-okladka.png\" class=\"wp-image-1790\" width=\"675\" height=\"954\" srcset=\"https:\/\/trokotex.com\/wp-content\/uploads\/2023\/12\/zbiorniki-trokotex-okladka.png 675w, https:\/\/trokotex.com\/wp-content\/uploads\/2023\/12\/zbiorniki-trokotex-okladka-212x300.png 212w\" sizes=\"auto, (max-width: 675px) 100vw, 675px\" \/><\/a><\/figure>\n\n\n\n<p class=\"configurator-cta__catalog-text text\">Katalog wyrob\u00f3w<\/p>\n<\/div>\n<\/div>\n<\/div>\n<\/section>\n\n\n\n<section id=\"cta\" class=\"cta section max-w-full mt-96 mb-96\">\n<div class=\"cta__inner-container inner-container is-root-container\">\n<div class=\"container max-w-medium\">\n<div class=\"configurator-cta__config container\">\n<h3 class=\"configurator-cta__config-title heading\">Konfigurator<\/h3>\n\n\n\n<p>Prezentujemy Pa\u0144stwu dedykowany Konfigurator, kt\u00f3ry u\u0142atwi i&nbsp;uatrakcyjni proces wyboru interesuj\u0105cych Pa\u0144stwa zbiornik\u00f3w.<\/p>\n\n\n\n<p>Konfigurator pozwala na wybranie odpowiedniego typu zbiornika wraz z&nbsp;okre\u015bleniem jego pojemno\u015bci [m<sup>3<\/sup>] i&nbsp;\u015brednicy [mm]. Na tej podstawie prezentowany jest rysunek Techniczny wraz ze szczeg\u00f3\u0142ow\u0105 specyfikacj\u0105 techniczn\u0105.<\/p>\n\n\n\n<a href=\"\/konfigurator\/\" class=\"configurator-cta__config-button button is-left-aligned bg-white\" target=\"_self\" rel=\"noopener noreferrer\" style=\"color:#2C2C2B\"><span class=\"text\">Skonfiguruj zbiornik<\/span><\/a>\n<\/div>\n<\/div>\n<\/div>\n<\/section>\n","protected":false},"excerpt":{"rendered":"","protected":false},"author":1,"featured_media":0,"parent":0,"menu_order":0,"comment_status":"closed","ping_status":"closed","template":"templates\/template-blue-page.php","meta":{"footnotes":""},"class_list":["post-3231","page","type-page","status-publish","hentry"],"_links":{"self":[{"href":"https:\/\/trokotex.com\/index.php\/wp-json\/wp\/v2\/pages\/3231","targetHints":{"allow":["GET"]}}],"collection":[{"href":"https:\/\/trokotex.com\/index.php\/wp-json\/wp\/v2\/pages"}],"about":[{"href":"https:\/\/trokotex.com\/index.php\/wp-json\/wp\/v2\/types\/page"}],"author":[{"embeddable":true,"href":"https:\/\/trokotex.com\/index.php\/wp-json\/wp\/v2\/users\/1"}],"replies":[{"embeddable":true,"href":"https:\/\/trokotex.com\/index.php\/wp-json\/wp\/v2\/comments?post=3231"}],"version-history":[{"count":0,"href":"https:\/\/trokotex.com\/index.php\/wp-json\/wp\/v2\/pages\/3231\/revisions"}],"wp:attachment":[{"href":"https:\/\/trokotex.com\/index.php\/wp-json\/wp\/v2\/media?parent=3231"}],"curies":[{"name":"wp","href":"https:\/\/api.w.org\/{rel}","templated":true}]}}