{"id":19,"date":"2023-09-26T10:27:22","date_gmt":"2023-09-26T10:27:22","guid":{"rendered":"https:\/\/trokotex.pl\/?page_id=19"},"modified":"2023-09-26T10:27:22","modified_gmt":"2023-09-26T10:27:22","slug":"kontakt","status":"publish","type":"page","link":"https:\/\/trokotex.com\/index.php\/kontakt\/","title":{"rendered":"Kontakt"},"content":{"rendered":"\n<header class=\"page-header section max-w-full cust-display-none\">\n<div class=\"page-header__inner-container inner-container is-root-container\"><\/div>\n<\/header>\n\n\n\n<section class=\"contact-us section max-w-full mt-24 mb-24\">\n<div class=\"contact-us__inner-container inner-container is-root-container pt-xs pb-xs custom-contact-margin\">\n<div class=\"page-header__content container\">\n<h1 class=\"page-header__title heading\">Skontaktuj si\u0119 z nami<\/h1>\n<\/div>\n<\/div>\n\n\n\n<div class=\"contact-us__inner-container inner-container is-root-container pt-xs pb-xs popmake-2947\">\n<div class=\"contact-us__wrapper container max-w-medium tabs js-tabs\">\n<div class=\"tabs__items container max-w-medium\">\n<button type=\"button\" class=\"tabs__item container is-yellow js-tabs-toggle is-active\" data-target=\"kraty\">\n<figure class=\"image\"><img loading=\"lazy\" decoding=\"async\" src=\"https:\/\/trokotex.com\/wp-content\/uploads\/2023\/09\/Component-16-\u2013-1.png\" class=\"wp-image-59\" width=\"202\" height=\"88\"\/><\/figure>\n<\/button>\n\n\n\n<button type=\"button\" class=\"tabs__item container is-blue js-tabs-toggle\" data-target=\"zbiorniki\">\n<figure class=\"image\"><img loading=\"lazy\" decoding=\"async\" src=\"https:\/\/trokotex.com\/wp-content\/uploads\/2023\/09\/Component-17-\u2013-1.png\" class=\"wp-image-57\" width=\"202\" height=\"88\"\/><\/figure>\n<\/button>\n<\/div>\n\n\n\n<div id=\"kraty\" class=\"tabs-panel container max-w-medium is-yellow is-expanded\">\n<aside class=\"contact-us__sidebar container\">\n<p class=\"contact-us__title text\">Trokotex <br>Polymer Group Sp. z o.o.<\/p>\n\n\n\n<p class=\"contact-us__address text\">Ul. Wapienna 52,<br>87-100 Toru\u0144<\/p>\n\n\n\n<p class=\"contact-us__phone text\">+48 531 961 756<\/p>\n\n\n\n<p class=\"contact-us__email text\"><a href=\"mailto:trokotex@trokotex.pl\">trokotex@trokotex.pl<\/a><\/p>\n\n\n\n<p class=\"contact-us__title text\">Zbiorniki magazynowe i przemys\u0142owe<\/p>\n\n\n\n<p class=\"contact-us__email text\"><a href=\"mailto:zbiorniki@trokotex.pl\">zbiorniki@trokotex.pl<\/a><\/p>\n\n\n\n<p class=\"contact-us__phone text\"><a href=\"tel:+48 728 540 350\">+48 728 540 350<\/a><\/p>\n\n\n\n<p class=\"contact-us__title text\">Pr\u0119ty i siatki kompozytowe<\/p>\n\n\n\n<p class=\"contact-us__email text\"><a href=\"mailto:siatki@trokotex.pl\">siatki@trokotex.pl<\/a><\/p>\n\n\n\n<p class=\"contact-us__phone text\"><a href=\"tel:+48 728 540 370\">+48 728 540 3<\/a>70<\/p>\n\n\n\n<p class=\"contact-us__small text\">Nicolaus Bank <br>13 9511 0000 0052 9172 2000 0010<\/p>\n\n\n\n<p class=\"contact-us__small text\">Sp\u00f3\u0142ka zarejestrowana w Rejestrze Przedsi\u0119biorc\u00f3w KRS prowadzonym przez S\u0105d Rejonowy w Toruniu XII Wydzia\u0142 Gospodarczy pod nr <br>KRS 0000015588<\/p>\n\n\n\n<p class=\"contact-us__small text\">Kapita\u0142 Zak\u0142adowy 50 000 z\u0142<\/p>\n\n\n\n<p class=\"text\">O nas  <a href=\"https:\/\/trokotex.com\/o-nas-zespol\/\">https:\/\/trokotex.com\/o-nas-zespol\/<\/a><\/p>\n\n\n\n<p class=\"text\">Stal koroduje a materia\u0142y kompozytowe nie. W czym jeszcze s\u0105 lepsze od tradycyjnych materia\u0142\u00f3w? <a href=\"http:\/\/nieruchomosci.infor.pl\/budowa\/6609030,stal-koroduje-a-materialy-kompozytowe-nie-w-czym-jeszcze-sa-lepsze-od-tradycyjnych-materialow.html\" target=\"_blank\" rel=\"noreferrer noopener nofollow\">http:\/\/nieruchomosci.infor.pl\/budowa\/6609030,stal-koroduje-a-materialy-kompozytowe-nie-w-czym-jeszcze-sa-lepsze-od-tradycyjnych-materialow.html<\/a><\/p>\n<\/aside>\n\n\n\n<div class=\"contact-us__details container\">\n<p class=\"contact-us__title text has-underline\">Kompozyty<\/p>\n\n\n\n<p class=\"text\">Prosimy o sk\u0142adanie zam\u00f3wie\u0144 wy\u0142\u0105cznie drog\u0105 mailow\u0105, SMS-em lub przez WhatsApp. Ze wzgl\u0119du na sprawy organizacyjne, zam\u00f3wienia telefoniczne nie b\u0119d\u0105 przyjmowane.<\/p>\n\n\n\n<p class=\"contact-us__title text\">Sprzeda\u017c<\/p>\n\n\n\n<p class=\"contact-us__subtitle text\" style=\"color:#AAAAAA\">Kraty pomostowe TWS\/GRP<\/p>\n\n\n\n<div class=\"contact-us__row container\">\n<p class=\"contact-us__email text\"><a href=\"mailto:kraty@trokotex.pl\">kraty@trokotex.pl<\/a><\/p>\n\n\n\n<p class=\"contact-us__phone text txt-right\"><a href=\"tel:+48 728 540 350\">+48 728 540 350<\/a><\/p>\n<\/div>\n\n\n\n<p class=\"contact-us__subtitle text\" style=\"color:#AAAAAA\">Pr\u0119ty kompozytowe<\/p>\n\n\n\n<div class=\"contact-us__row container\">\n<p class=\"contact-us__email text\"><a href=\"mailto:prety@trokotex.pl\">prety@trokotex.pl<\/a><\/p>\n\n\n\n<p class=\"contact-us__phone text txt-right\"><a href=\"tel:+48 728 540 370\">+48 728 540 370<\/a><\/p>\n<\/div>\n\n\n\n<p class=\"contact-us__subtitle text\" style=\"color:#AAAAAA\">Siatki kompozytowe<\/p>\n\n\n\n<div class=\"contact-us__row container\">\n<p class=\"contact-us__email text\"><a href=\"mailto:siatki@trokotex.pl\">siatki@trokotex.pl<\/a><\/p>\n\n\n\n<p class=\"contact-us__phone text txt-right\"><a href=\"tel:+48 728 540 370\">+48 728 540 370<\/a><\/p>\n<\/div>\n\n\n\n<p class=\"contact-us__title text\">Marketing i kontakt z Mediami<\/p>\n\n\n\n<div class=\"contact-us__row container\">\n<p class=\"contact-us__email text\"><a href=\"mailto:marketing1@trokotex.pl\">marketing1@trokotex.pl<\/a><\/p>\n\n\n\n<p class=\"contact-us__phone text txt-right\"><a href=\"tel:+48 602 541 781\">+48 602 541 781<\/a><\/p>\n<\/div>\n\n\n\n<p class=\"contact-us__title text\">Serwis<\/p>\n\n\n\n<div class=\"contact-us__row container\">\n<p class=\"contact-us__email text\"><a href=\"mailto:serwis@trokotex.pl\">serwis@trokotex.pl<\/a><\/p>\n\n\n\n<p class=\"contact-us__phone text txt-right\"><a href=\"tel:+48 728 540 374\">+48 <\/a>530 755 951<\/p>\n<\/div>\n<\/div>\n<\/div>\n\n\n\n<div id=\"zbiorniki\" class=\"tabs-panel container max-w-medium is-blue\">\n<aside class=\"contact-us__sidebar container\">\n<p class=\"contact-us__title text\">Trokotex <br>Zbiorniki Sp. z o.o.<\/p>\n\n\n\n<p class=\"contact-us__address text\">Ul. Wapienna 22,<br>87-100 Toru\u0144<\/p>\n\n\n\n<p class=\"contact-us__phone text\"><a href=\"http:\/\/+48 531 961 756\">+48&nbsp;531 961 756<\/a><\/p>\n\n\n\n<p class=\"contact-us__email text\"><a href=\"mailto:trokotex@trokotex.pl\">trokotex@trokotex.pl<\/a><\/p>\n\n\n\n<p class=\"contact-us__title text\">Zbiorniki magazynowe i przemys\u0142owe<\/p>\n\n\n\n<p class=\"text\"><strong>Porozmawiaj z in\u017cynierem<\/strong>. Ponad 15 lat do\u015bwiadczenia w zbiornikach TWS\/GRP<\/p>\n\n\n\n<p class=\"contact-us__email text\"><a href=\"mailto:zbiorniki@trokotex.pl\">zbiorniki@trokotex.pl<\/a><\/p>\n\n\n\n<p class=\"contact-us__phone text\"><a href=\"tel:+48 728 540 350\">+48 728 540 350<\/a><\/p>\n\n\n\n<p class=\"contact-us__small text\">Nicolaus Bank <br>32 9511 0000 0052 9351 2000 0010<\/p>\n\n\n\n<p class=\"contact-us__small text\">Sp\u00f3\u0142ka zarejestrowana w Rejestrze Przedsi\u0119biorc\u00f3w KRS prowadzonym przez S\u0105d Rejonowy w Toruniu XII Wydzia\u0142 Gospodarczy pod nr <br>KRS 0000990189<\/p>\n\n\n\n<p class=\"contact-us__small text\">Kapita\u0142 Zak\u0142adowy 5 000 z\u0142<\/p>\n\n\n\n<p class=\"text\">Zbiorniki przemys\u0142owe i magazynowe <a href=\"https:\/\/trokotex.com\/zbiorniki-magazynowe\/\">https:\/\/trokotex.com\/zbiorniki-magazynowe\/<\/a><\/p>\n\n\n\n<p class=\"text\">Dob\u00f3r odpowiednich zbiornik\u00f3w magazynowych i przemys\u0142owych dla Twojego biznesu <a href=\"http:\/\/www.chemiaibiznes.com.pl\/artykuly\/dobor-odpowiednich-zbiornikow-dla-przemyslu\" target=\"_blank\" rel=\"noreferrer noopener nofollow\">http:\/\/www.chemiaibiznes.com.pl\/artykuly\/dobor-odpowiednich-zbiornikow-dla-przemyslu<\/a><\/p>\n<\/aside>\n\n\n\n<div class=\"contact-us__details container\">\n<p class=\"contact-us__title text has-underline\">Zbiorniki<\/p>\n\n\n\n<p class=\"contact-us__subtitle text\" style=\"color:#AAAAAA\">Sprzeda\u017c i doractwo techniczne &#8211; Zbiorniki przemys\u0142owe, aparatura, wyroby nietypowe<\/p>\n\n\n\n<p class=\"text\"><strong>Porozmawiaj z in\u017cynierem<\/strong>. Ponad 15 lat do\u015bwiadczenia w zbiornikach TWS\/GRP<\/p>\n\n\n\n<div class=\"contact-us__row container\">\n<p class=\"contact-us__email text\"><a href=\"mailto:zbiorniki@trokotex.pl\">zbiorniki@trokotex.pl<\/a><\/p>\n\n\n\n<p class=\"contact-us__phone text txt-right\"><a href=\"tel:+48728540374\">+48 728 540 350<\/a><\/p>\n<\/div>\n\n\n\n<p class=\"contact-us__title text\">Projektowanie i technologia<\/p>\n\n\n\n<p class=\"contact-us__subtitle text\" style=\"color:#AAAAAA\">Konstruktor<\/p>\n\n\n\n<div class=\"contact-us__row container\">\n<p class=\"contact-us__email text\"><a href=\"mailto:konstruktor1@trokotex.pl\">konstruktor1@trokotex.pl<\/a><\/p>\n<\/div>\n\n\n\n<div class=\"contact-us__row container\">\n<p class=\"contact-us__email text\"><a href=\"mailto:a.chtioui@trokotex.pl\">a.chtioui@trokotex.pl<\/a><\/p>\n<\/div>\n\n\n\n<p class=\"contact-us__title text\">Marketing i kontakt z Mediami<\/p>\n\n\n\n<div class=\"contact-us__row container\">\n<p class=\"contact-us__email text\"><a href=\"mailto:marketing1@trokotex.pl\">marketing1@trokotex.pl<\/a><\/p>\n\n\n\n<p class=\"contact-us__phone text txt-right\"><a href=\"tel:+48 602 541 781\">+48 602 541 781<\/a><\/p>\n<\/div>\n\n\n\n<p class=\"contact-us__title text\">Serwis<\/p>\n\n\n\n<div class=\"contact-us__row container\">\n<p class=\"contact-us__email text\"><a href=\"mailto:serwis@trokotex.pl\">serwis@trokotex.pl<\/a><\/p>\n\n\n\n<p class=\"contact-us__phone text txt-right\"><a href=\"tel:+48 728 540 374\">+48 <\/a>530 755 951<\/p>\n<\/div>\n<\/div>\n<\/div>\n<\/div>\n<\/div>\n<\/section>\n\n\n\n<section id=\"contact-google-map\" class=\"section max-w-full mt-48 mb-48\">\n<div class=\"section__inner-container inner-container is-root-container pt-lg pb-lg\">\n<iframe src=\"https:\/\/www.google.com\/maps\/embed?pb=!1m14!1m8!1m3!1d37275.47958003502!2d18.672531495825023!3d53.0566058904791!3m2!1i1024!2i768!4f13.1!3m3!1m2!1s0x471cccb06f24242d%3A0xbde9f1a1b41081c3!2sTrokotex%20Polymer%20Group!5e0!3m2!1spl!2spl!4v1717669023334!5m2!1spl!2spl\" width=\"1920\" height=\"600\" style=\"border:0;\" allowfullscreen=\"\" loading=\"lazy\" title=\"Lokalizacja zak\u0142adu \" referrerpolicy=\"no-referrer-when-downgrade\"><\/iframe>\n<\/div>\n<\/section>\n","protected":false},"excerpt":{"rendered":"","protected":false},"author":1,"featured_media":0,"parent":0,"menu_order":0,"comment_status":"closed","ping_status":"closed","template":"","meta":{"footnotes":""},"class_list":["post-19","page","type-page","status-publish","hentry"],"_links":{"self":[{"href":"https:\/\/trokotex.com\/index.php\/wp-json\/wp\/v2\/pages\/19","targetHints":{"allow":["GET"]}}],"collection":[{"href":"https:\/\/trokotex.com\/index.php\/wp-json\/wp\/v2\/pages"}],"about":[{"href":"https:\/\/trokotex.com\/index.php\/wp-json\/wp\/v2\/types\/page"}],"author":[{"embeddable":true,"href":"https:\/\/trokotex.com\/index.php\/wp-json\/wp\/v2\/users\/1"}],"replies":[{"embeddable":true,"href":"https:\/\/trokotex.com\/index.php\/wp-json\/wp\/v2\/comments?post=19"}],"version-history":[{"count":0,"href":"https:\/\/trokotex.com\/index.php\/wp-json\/wp\/v2\/pages\/19\/revisions"}],"wp:attachment":[{"href":"https:\/\/trokotex.com\/index.php\/wp-json\/wp\/v2\/media?parent=19"}],"curies":[{"name":"wp","href":"https:\/\/api.w.org\/{rel}","templated":true}]}}