{"id":13,"date":"2023-09-26T10:26:40","date_gmt":"2023-09-26T10:26:40","guid":{"rendered":"https:\/\/trokotex.pl\/?page_id=13"},"modified":"2023-09-26T10:26:40","modified_gmt":"2023-09-26T10:26:40","slug":"do-projektowania","status":"publish","type":"page","link":"https:\/\/trokotex.com\/index.php\/do-projektowania\/","title":{"rendered":"Do projektowania"},"content":{"rendered":"\n<header class=\"page-header section max-w-full\">\n<div class=\"page-header__inner-container inner-container is-root-container\">\n<div class=\"page-header__content container\">\n<h1 class=\"page-header__title heading\">Do projektowania<\/h1>\n<\/div>\n<\/div>\n\n\n\n<div class=\"page-header__background background\"><img loading=\"lazy\" decoding=\"async\" class=\"page-header__background-image background__image wp-image-1115\" src=\"https:\/\/trokotex.com\/wp-content\/uploads\/2023\/10\/page-header-bg-blue.jpg\" alt=\"\" width=\"1920\" height=\"650\" srcset=\"https:\/\/trokotex.com\/wp-content\/uploads\/2023\/10\/page-header-bg-blue.jpg 1920w, https:\/\/trokotex.com\/wp-content\/uploads\/2023\/10\/page-header-bg-blue-300x102.jpg 300w, https:\/\/trokotex.com\/wp-content\/uploads\/2023\/10\/page-header-bg-blue-1024x347.jpg 1024w, https:\/\/trokotex.com\/wp-content\/uploads\/2023\/10\/page-header-bg-blue-768x260.jpg 768w, https:\/\/trokotex.com\/wp-content\/uploads\/2023\/10\/page-header-bg-blue-1536x520.jpg 1536w\" sizes=\"auto, (max-width: 1920px) 100vw, 1920px\" \/><\/div>\n<\/header>\n\n\n\n<section id=\"do-projektowania\" class=\"design section max-w-full mt-56\">\n<div class=\"design__inner-container inner-container is-root-container\">\n<div class=\"design__wrapper container max-w-medium\">\n<div class=\"page-links container max-w-medium\">\n<div class=\"page-links__buttons buttons\">\n<a href=\"https:\/\/trokotex.com\/konfigurator\/\" class=\"page-links__button button is-active is-blue\" target=\"_self\" rel=\"noopener noreferrer\"><span class=\"text\">Zbiorniki<\/span><\/a>\n\n\n\n<a href=\"\/do-projektowania\/prety\/\" class=\"page-links__button button is-yellow\" target=\"_self\" rel=\"noopener noreferrer\"><span class=\"text\">Pr\u0119ty<\/span><\/a>\n\n\n\n<a href=\"\/do-projektowania\/siatki\/\" class=\"page-links__button button is-yellow\" target=\"_self\" rel=\"noopener noreferrer\"><span class=\"text\">Siatki<\/span><\/a>\n<\/div>\n<\/div>\n\n\n\n<div id=\"\" class=\"design__content container max-w-medium is-expanded\">\n<div class=\"columns container\">\n<div class=\"column container\">\n<p class=\"lead text\">TROKOTEX jako producent innowacyjnych rozwi\u0105za\u0144 dla bran\u017cy budowlanej w zakresie pr\u0119t\u00f3w kompozytowych do zbrojenia betonu ma przyjemno\u015b\u0107 zaprosi\u0107 na stron\u0119 przygotowan\u0105 specjalnie z my\u015bl\u0105 o Pa\u0144stwa potrzebach.<\/p>\n<\/div>\n\n\n\n<div class=\"column container\">\n<p class=\"text\">Nasza firma du\u017c\u0105 uwag\u0119 przywi\u0105zuje do codziennej pracy projektowej i do fachowego wsparcia dla architekt\u00f3w oraz projektant\u00f3w. <\/p>\n\n\n\n<p class=\"text\">Dlatego w\u0142a\u015bnie dla tej grupy dedykujemy specjaln\u0105 Stref\u0119 w serwisie internetowym. <\/p>\n\n\n\n<p class=\"text\">W dziale STREFA PROJEKTANTA znajdziecie Pa\u0144stwo wiele interesuj\u0105cych informacji technicznych, dokumentacje dopuszczaj\u0105ce, certyfikaty, dane techniczne oraz materia\u0142y marketingowe.<\/p>\n<\/div>\n<\/div>\n\n\n\n<div class=\"columns container\">\n<div class=\"column container\">\n<p class=\"text fs-x-large\">Pr\u0119ty stalowe kl. &#8211; A III<\/p>\n\n\n\n<figure class=\"image\"><img loading=\"lazy\" decoding=\"async\" src=\"https:\/\/trokotex.com\/wp-content\/uploads\/2024\/01\/prety_stal-1.png\" class=\"wp-image-2161\" width=\"539\" height=\"825\" srcset=\"https:\/\/trokotex.com\/wp-content\/uploads\/2024\/01\/prety_stal-1.png 539w, https:\/\/trokotex.com\/wp-content\/uploads\/2024\/01\/prety_stal-1-196x300.png 196w\" sizes=\"auto, (max-width: 539px) 100vw, 539px\" \/><\/figure>\n<\/div>\n\n\n\n<div class=\"column container\">\n<p class=\"text fs-x-large\">Pr\u0119ty kompozytowe<\/p>\n\n\n\n<figure class=\"image\"><img loading=\"lazy\" decoding=\"async\" src=\"https:\/\/trokotex.com\/wp-content\/uploads\/2024\/01\/prety_kompozyt-1.png\" class=\"wp-image-2160\" width=\"547\" height=\"828\" srcset=\"https:\/\/trokotex.com\/wp-content\/uploads\/2024\/01\/prety_kompozyt-1.png 547w, https:\/\/trokotex.com\/wp-content\/uploads\/2024\/01\/prety_kompozyt-1-198x300.png 198w\" sizes=\"auto, (max-width: 547px) 100vw, 547px\" \/><\/figure>\n<\/div>\n<\/div>\n<\/div>\n<\/div>\n<\/div>\n<\/section>\n\n\n\n<section id=\"Informacje-dodatkowe\" class=\"more section max-w-full mb-96\">\n<div class=\"more__inner-container inner-container is-root-container pt-md pb-md\">\n<div class=\"more__header container max-w-medium\">\n<h2 class=\"career__header-title heading\">Kompozyt czy stal?<\/h2>\n<\/div>\n\n\n\n<div class=\"more__row container max-w-medium\">\n<p>Korozja stali jest procesem niemal nieuniknionym. Powstaj\u0105ce punkty korozji s\u0105 przyczyn\u0105 powstawania napr\u0119\u017ce\u0144, sp\u0119ka\u0144 i odprysk\u00f3w fragment\u00f3w betonowej otuliny, ods\u0142aniaj\u0105c ca\u0142kowicie metalowe zbrojenie. Korozja zbrojenia stalowego powoduje obni\u017cenie wytrzyma\u0142o\u015bci konstrukcji, a w konsekwencji jej zniszczenie.<\/p>\n\n\n\n<a href=\"\/zbiorniki-magazynowe\/\" class=\"more__row-button button is-right-aligned\" target=\"_self\" rel=\"noopener noreferrer\" style=\"background-color:#2C2C2B\"><span class=\"text\">Zobacz wszystkie<\/span><\/a>\n<\/div>\n<\/div>\n<\/section>\n\n\n\n<section id=\"certyfikaty\" class=\"certificates-v2 section max-w-full mt-96 mb-96\">\n<div class=\"certificates-v2__inner-container inner-container is-root-container\">\n<div class=\"certificates-v2__header container max-w-medium\">\n<h2 class=\"certificates-v2__header-title heading\">Certyfikaty i dopuszczenia<\/h2>\n\n\n\n<a href=\"\/o-nas\/#certyfikaty\" class=\"certificates-v2__header-button button is-right-aligned\" target=\"_self\" rel=\"noopener noreferrer\" style=\"color:#2C2C2B;background-color:#C6C6C6\"><span class=\"text\">Zobacz wszystkie<\/span><\/a>\n<\/div>\n\n\n\n<div class=\"certificates-v2__items container max-w-medium\">\n<div class=\"certificates-v2__item container\">\n<div class=\"certificates-v2__item-image image is-primary\"><div class=\"inner-container r-4:5\"><img loading=\"lazy\" decoding=\"async\" src=\"https:\/\/trokotex.com\/wp-content\/uploads\/2024\/05\/prety-kompozytowe-dokumentacja-ibdim-trokotex.png\" class=\"wp-image-2824 is-cropped\" width=\"673\" height=\"955\" srcset=\"https:\/\/trokotex.com\/wp-content\/uploads\/2024\/05\/prety-kompozytowe-dokumentacja-ibdim-trokotex.png 673w, https:\/\/trokotex.com\/wp-content\/uploads\/2024\/05\/prety-kompozytowe-dokumentacja-ibdim-trokotex-211x300.png 211w\" sizes=\"auto, (max-width: 673px) 100vw, 673px\" \/><\/div><\/div>\n\n\n\n<h3 class=\"certificates-v2__item-title heading\">Instytut Badawczy dr\u00f3g i most\u00f3w Krajowa Ocena Techniczna<\/h3>\n\n\n\n<p class=\"certificates-v2__item-text text\">Nr Ibdim-Kot-2018\/0269 Wydanie 2<\/p>\n<\/div>\n\n\n\n<div class=\"certificates-v2__item container\">\n<div class=\"certificates-v2__item-image image is-primary\"><div class=\"inner-container r-4:5\"><img loading=\"lazy\" decoding=\"async\" src=\"https:\/\/trokotex.com\/wp-content\/uploads\/2023\/10\/Mask-Group-68.jpg\" class=\"wp-image-719 is-cropped\" width=\"209\" height=\"268\"\/><\/div><\/div>\n\n\n\n<h3 class=\"certificates-v2__item-title heading\">Wyr\u00f3b Budowlany <\/h3>\n\n\n\n<p class=\"certificates-v2__item-text text\">020-Uwb-2690\/W<\/p>\n<\/div>\n\n\n\n<div class=\"certificates-v2__item container\">\n<div class=\"certificates-v2__item-image image is-primary\"><div class=\"inner-container r-4:5\"><img loading=\"lazy\" decoding=\"async\" src=\"https:\/\/trokotex.com\/wp-content\/uploads\/2023\/10\/Mask-Group-68.jpg\" class=\"wp-image-719 is-cropped\" width=\"209\" height=\"268\"\/><\/div><\/div>\n\n\n\n<h3 class=\"certificates-v2__item-title heading\">Krajowa Ocena Techniczna <\/h3>\n\n\n\n<p class=\"certificates-v2__item-text text\">Itb-Kot-2018\/0575 Wydanie 1<\/p>\n<\/div>\n<\/div>\n\n\n\n<div class=\"certificates-v2__footer container max-w-medium\">\n<p class=\"application__footer-text text\">Elementy betonowe zbrojone pr\u0119tami kompozytowymi TROKOTEX, powinny by\u0107 projektowane wed\u0142ug zasad okre\u015blonych w PN-EN 1992-1-1 (PN-S-10042:1991) dla zbrojenia stalowego, z uwzgl\u0119dnieniem og\u00f3lnych zalece\u0144. Wyr\u00f3b budowlany TROKOTEX nale\u017cy stosowa\u0107 zgodnie z jego przeznaczeniem, zakresem i warunkami, kt\u00f3re podano w Krajowej Ocenie Technicznej oraz w dokumentacji techniczno-budowlanej, w\u0142a\u015bciwych dla poszczeg\u00f3lnych rodzaj\u00f3w budowli.<\/p>\n<\/div>\n<\/div>\n<\/section>\n\n\n\n<section id=\"miedzynarodowe-normy\" class=\"norms section max-w-full\">\n<div class=\"norms__inner-container inner-container is-root-container pt-md pb-md\">\n<div class=\"columns container max-w-medium\">\n<div class=\"column container\">\n<figure class=\"image mb-96\"><img loading=\"lazy\" decoding=\"async\" src=\"https:\/\/trokotex.com\/wp-content\/uploads\/2023\/10\/Mask-Group-39.jpg\" class=\"wp-image-766\" width=\"488\" height=\"380\" srcset=\"https:\/\/trokotex.com\/wp-content\/uploads\/2023\/10\/Mask-Group-39.jpg 488w, https:\/\/trokotex.com\/wp-content\/uploads\/2023\/10\/Mask-Group-39-300x234.jpg 300w\" sizes=\"auto, (max-width: 488px) 100vw, 488px\" \/><\/figure>\n\n\n\n<h2 class=\"heading\">Mi\u0119dzynarodowe Normy ACI<\/h2>\n\n\n\n<p class=\"text\">Metodologia projektowania konstrukcji betonowych wzmocnionych pr\u0119tami kompozytowymi. <\/p>\n\n\n\n<p class=\"text\">Zalecenia projektowe dotycz\u0105ce element\u00f3w zbrojenia betonu pr\u0119tami zbrojeniowymi FRP przedstawiono w mi\u0119dzynarodowych normach i instrukcjach projektowych, m in.: ACI 440.1R-06 (2006), Przewodnik projektowania i budowy betonu strukturalnego wzmocnionego pr\u0119tami FRP, zgodnie z raportem komitetu American Concrete Institute 440. <\/p>\n\n\n\n<p class=\"text\">Komitet ACI 440, American Concrete Institute, Farmington Hills, Michigan, (2004), 35p.<\/p>\n<\/div>\n\n\n\n<div class=\"column container\">\n<p class=\"text\">American Concrete Institute (ACI) sugeruje nast\u0119puj\u0105ce wytyczne dotycz\u0105ce stosowania FRP: <\/p>\n\n\n\n<p class=\"text\">* ACI 440R-07 &#8220;Raport o wzmocnieniu w\u0142\u00f3knami polimerowymi (FRP) dla konstrukcji betonowych&#8221;, Komitete ACI 440, American Concrete Institute, Farmington Hills, Mich., (2007), 100p. <\/p>\n\n\n\n<p class=\"text\">* ACI 440.1R-06 &#8220;Przewodnik po projektowaniu i budowie betonu strukturalnego wzmocnionego pr\u0119tami FRP&#8221;, Komitet ACI 440, American Concrete Institute, Farmington Hills, Michigan, (2006), 44p. <\/p>\n\n\n\n<p class=\"text\">* ACI 440.5-08 &#8220;Specyfikacja konstrukcji z pr\u0119tami zbrojeniowymi polimerowymi wzmocnionymi w\u0142\u00f3knem&#8221;, Komitet ACI 440, American Concrete Institute, Farmington Hills, Michigan, (2008), 5p. <\/p>\n\n\n\n<p class=\"text\">* ACI 440.6-08 &#8220;Specyfikacja dla materia\u0142\u00f3w z pr\u0119t\u00f3w polimerowych wzmocnionych w\u0142\u00f3knem w\u0119glowym i szklanym do wzmacniania betonu&#8221;, Komitet ACI 440, American Concrete Institute, Farmington Hills, Michigan, (2008), 6p. <\/p>\n\n\n\n<p class=\"text\">* ACI 440.3R-04 &#8220;Przewodnik po metodach testowania polimer\u00f3w wzmacnianych w\u0142\u00f3knami (FRP) do wzmacniania i wzmacniania konstrukcji betonowych&#8221;, Komitet ACI 440, American Concrete Institute, Farmington Hills, Michigan, (2004), 40p. <\/p>\n\n\n\n<p class=\"text\">* ACI 440.2R-08 &#8220;Przewodnik po projektowaniu i budowie zewn\u0119trznych system\u00f3w FRP do wzmacniania konstrukcji betonowych&#8221;, Komitet ACI 440, American Concrete Institute, Farmington Hills, Michigan (2008), 76p. <\/p>\n\n\n\n<p class=\"text\">* ACI 440.7R-10 &#8220;Przewodnik po projektowaniu i budowie zewn\u0119trznych system\u00f3w FRP do wzmacniania niezbrojonych konstrukcji murowych&#8221; Komitet ACI 440, American Concrete Institute, Farmington Hills, Michigan, (2010), 46p. <\/p>\n\n\n\n<p class=\"text\">* ACI 440.4R-04 &#8220;Spr\u0119\u017canie struktur betonowych \u015bci\u0119gienami FRP&#8221;, Komitet ACI 440, American Concrete Institute, Farmington Hills, Michigan, (2004), 35p.<\/p>\n<\/div>\n<\/div>\n<\/div>\n<\/section>\n","protected":false},"excerpt":{"rendered":"","protected":false},"author":1,"featured_media":0,"parent":0,"menu_order":0,"comment_status":"closed","ping_status":"closed","template":"templates\/template-blue-page.php","meta":{"footnotes":""},"class_list":["post-13","page","type-page","status-publish","hentry"],"_links":{"self":[{"href":"https:\/\/trokotex.com\/index.php\/wp-json\/wp\/v2\/pages\/13","targetHints":{"allow":["GET"]}}],"collection":[{"href":"https:\/\/trokotex.com\/index.php\/wp-json\/wp\/v2\/pages"}],"about":[{"href":"https:\/\/trokotex.com\/index.php\/wp-json\/wp\/v2\/types\/page"}],"author":[{"embeddable":true,"href":"https:\/\/trokotex.com\/index.php\/wp-json\/wp\/v2\/users\/1"}],"replies":[{"embeddable":true,"href":"https:\/\/trokotex.com\/index.php\/wp-json\/wp\/v2\/comments?post=13"}],"version-history":[{"count":0,"href":"https:\/\/trokotex.com\/index.php\/wp-json\/wp\/v2\/pages\/13\/revisions"}],"wp:attachment":[{"href":"https:\/\/trokotex.com\/index.php\/wp-json\/wp\/v2\/media?parent=13"}],"curies":[{"name":"wp","href":"https:\/\/api.w.org\/{rel}","templated":true}]}}