{"id":1230,"date":"2023-10-17T17:35:57","date_gmt":"2023-10-17T17:35:57","guid":{"rendered":"https:\/\/trokotex.pl\/o-nas-2\/"},"modified":"2023-10-17T17:35:57","modified_gmt":"2023-10-17T17:35:57","slug":"zbiorniki","status":"publish","type":"page","link":"https:\/\/trokotex.com\/index.php\/o-nas\/zbiorniki\/","title":{"rendered":"Zbiorniki"},"content":{"rendered":"\n<header class=\"page-header section max-w-full\">\n<div class=\"page-header__inner-container inner-container is-root-container\">\n<div class=\"page-header__content container\">\n<h1 class=\"page-header__title heading is-small\">Trokotex Polymer Group Sp. z o.o. to&nbsp;firma z tradycjami i polskim kapita\u0142em.<\/h1>\n<\/div>\n<\/div>\n\n\n\n<div class=\"page-header__background background\"><img loading=\"lazy\" decoding=\"async\" class=\"page-header__background-image background__image wp-image-3901\" src=\"https:\/\/trokotex.com\/wp-content\/uploads\/2024\/07\/zbiorniki-magazynowe-prety-kompozytowe-trokotex-zespol-grp-tws-2.jpg\" alt=\"zbiorniki procesowe, przemys\u0142owe trokotex, Zesp\u00f3\u0142 ludzi produkcja\" width=\"1597\" height=\"694\" srcset=\"https:\/\/trokotex.com\/wp-content\/uploads\/2024\/07\/zbiorniki-magazynowe-prety-kompozytowe-trokotex-zespol-grp-tws-2.jpg 1597w, https:\/\/trokotex.com\/wp-content\/uploads\/2024\/07\/zbiorniki-magazynowe-prety-kompozytowe-trokotex-zespol-grp-tws-2-300x130.jpg 300w, https:\/\/trokotex.com\/wp-content\/uploads\/2024\/07\/zbiorniki-magazynowe-prety-kompozytowe-trokotex-zespol-grp-tws-2-1024x445.jpg 1024w, https:\/\/trokotex.com\/wp-content\/uploads\/2024\/07\/zbiorniki-magazynowe-prety-kompozytowe-trokotex-zespol-grp-tws-2-768x334.jpg 768w, https:\/\/trokotex.com\/wp-content\/uploads\/2024\/07\/zbiorniki-magazynowe-prety-kompozytowe-trokotex-zespol-grp-tws-2-1536x667.jpg 1536w\" sizes=\"auto, (max-width: 1597px) 100vw, 1597px\" \/><\/div>\n<\/header>\n\n\n\n<section id=\"firma\" class=\"media-text section max-w-full mt-32 mb-24\">\n<div class=\"media-text__inner-container inner-container is-root-container\">\n<div class=\"media-text__wrapper container max-w-medium\">\n<div class=\"media-text__content container\">\n<p class=\"media-text__content-lead text has-floated-content\">Oczyszczalnie \u015bciek\u00f3w, Elektrownie, Elektrociep\u0142ownie czy przemys\u0142 spo\u017cywczy od blisko <strong>40 lat<\/strong> <br>s\u0105 u\u017cytkownikami wyrob\u00f3w Trokotex.<\/p>\n\n\n\n<p class=\"text\">Nasze produkty z kompozytu: zbiorniki, kraty, przekrycia czy pr\u0119ty zbrojeniowe wykorzystywane s\u0105 w najr\u00f3\u017cniejszych ga\u0142\u0119ziach gospodarki. <\/p>\n\n\n\n<p class=\"text\">Wiele pracy, wysi\u0142ku i serca w\u0142o\u017cyli\u015bmy przez te wszystkie lata, by sta\u0107 si\u0119 pewnym i stabilnym partnerem dla Pa\u0144stwa. Wiele stara\u0144, by sprosta\u0107 dynamicznie rozwijaj\u0105cej si\u0119 gospodarce rynkowej i wiele wyrzecze\u0144, by przetrwa\u0107 chwile burzy.<\/p>\n<\/div>\n\n\n\n<figure class=\"media-text__images container\">\n<div class=\"media-text__image image is-primary\"><img loading=\"lazy\" decoding=\"async\" src=\"https:\/\/trokotex.com\/wp-content\/uploads\/2023\/12\/trokotex-zbiorniki-tws-projekt-realizacja-inwestycja-scaled-1.jpg\" class=\"wp-image-1489\" width=\"2560\" height=\"1920\" srcset=\"https:\/\/trokotex.com\/wp-content\/uploads\/2023\/12\/trokotex-zbiorniki-tws-projekt-realizacja-inwestycja-scaled-1.jpg 2560w, https:\/\/trokotex.com\/wp-content\/uploads\/2023\/12\/trokotex-zbiorniki-tws-projekt-realizacja-inwestycja-scaled-1-300x225.jpg 300w, https:\/\/trokotex.com\/wp-content\/uploads\/2023\/12\/trokotex-zbiorniki-tws-projekt-realizacja-inwestycja-scaled-1-1024x768.jpg 1024w, https:\/\/trokotex.com\/wp-content\/uploads\/2023\/12\/trokotex-zbiorniki-tws-projekt-realizacja-inwestycja-scaled-1-768x576.jpg 768w, https:\/\/trokotex.com\/wp-content\/uploads\/2023\/12\/trokotex-zbiorniki-tws-projekt-realizacja-inwestycja-scaled-1-1536x1152.jpg 1536w, https:\/\/trokotex.com\/wp-content\/uploads\/2023\/12\/trokotex-zbiorniki-tws-projekt-realizacja-inwestycja-scaled-1-2048x1536.jpg 2048w\" sizes=\"auto, (max-width: 2560px) 100vw, 2560px\" \/><\/div>\n\n\n\n<div class=\"media-text__image image is-secondary is-align-bottom-right\"><img loading=\"lazy\" decoding=\"async\" src=\"https:\/\/trokotex.com\/wp-content\/uploads\/2023\/10\/rhombus-4.png\" class=\"wp-image-1191\" width=\"676\" height=\"676\" srcset=\"https:\/\/trokotex.com\/wp-content\/uploads\/2023\/10\/rhombus-4.png 676w, https:\/\/trokotex.com\/wp-content\/uploads\/2023\/10\/rhombus-4-300x300.png 300w, https:\/\/trokotex.com\/wp-content\/uploads\/2023\/10\/rhombus-4-150x150.png 150w\" sizes=\"auto, (max-width: 676px) 100vw, 676px\" \/><\/div>\n<\/figure>\n<\/div>\n<\/div>\n<\/section>\n\n\n\n<section class=\"media-text section max-w-full mt-24 mb-24\">\n<div class=\"media-text__inner-container inner-container is-root-container\">\n<div class=\"media-text__wrapper container max-w-medium\">\n<figure class=\"media-text__images container\">\n<div class=\"media-text__image image is-primary\"><img loading=\"lazy\" decoding=\"async\" src=\"https:\/\/trokotex.com\/wp-content\/uploads\/2023\/09\/H3A4430-scaled-1.jpg\" class=\"wp-image-1526\" width=\"2560\" height=\"1707\" srcset=\"https:\/\/trokotex.com\/wp-content\/uploads\/2023\/09\/H3A4430-scaled-1.jpg 2560w, https:\/\/trokotex.com\/wp-content\/uploads\/2023\/09\/H3A4430-scaled-1-300x200.jpg 300w, https:\/\/trokotex.com\/wp-content\/uploads\/2023\/09\/H3A4430-scaled-1-1024x683.jpg 1024w, https:\/\/trokotex.com\/wp-content\/uploads\/2023\/09\/H3A4430-scaled-1-768x512.jpg 768w, https:\/\/trokotex.com\/wp-content\/uploads\/2023\/09\/H3A4430-scaled-1-1536x1024.jpg 1536w, https:\/\/trokotex.com\/wp-content\/uploads\/2023\/09\/H3A4430-scaled-1-2048x1366.jpg 2048w\" sizes=\"auto, (max-width: 2560px) 100vw, 2560px\" \/><\/div>\n<\/figure>\n\n\n\n<div class=\"media-text__content container\">\n<p class=\"text\">Dzi\u015b mo\u017cemy powiedzie\u0107, \u017ce warto by\u0142o. Dowodem na to jest zaufanie i zadowolenie naszych Klient\u00f3w takich jak KGHM, Orlen SA, Ciech SA, Rafako SA czy PGNiG SA. <\/p>\n\n\n\n<p class=\"text\">Dla Pa\u0144stwa &#8211; naszych Klient\u00f3w stale si\u0119 rozwijamy i jeste\u015bmy gotowi na nowe wyzwania uruchamiaj\u0105c nowe produkty. Dla Pa\u0144stwa pozyskujemy fundusze unijne na rozw\u00f3j naszego przedsi\u0119biorstwa i innowacje a dzi\u0119ki Pa\u0144stwu zdobywamy presti\u017cowe nagrody takie jak Gazele Biznesu, Polski Sukces, Ekspansja czy nagrod\u0119 Naczelnej Organizacji Technicznej lub Lidera Nowych Technologii.<\/p>\n<\/div>\n<\/div>\n<\/div>\n<\/section>\n\n\n\n<blockquote class=\"quote mt-72 mb-80\"><p>Firmy, kt\u00f3re rosn\u0105 dzi\u0119ki rozwojowi i ulepszeniom, nie zgin\u0105. Ale kiedy firma przestaje by\u0107 tw\u00f3rcza, kiedy uwa\u017ca, \u017ce osi\u0105gn\u0119\u0142a doskona\u0142o\u015b\u0107 i teraz musi tylko produkowa\u0107 \u2013 ju\u017c po niej\u201d<\/p><cite>Henry Ford<\/cite><\/blockquote>\n\n\n\n<figure class=\"video is-paused mt-56 mb-56 max-w-medium\" id=\"887501cc7106\"><div class=\"video__inner-container r-16:9\"><button type=\"button\" class=\"video-play has-background\"><span class=\"screen-reader-text\">Play video<\/span><span class=\"icon\"><svg xmlns=\"http:\/\/www.w3.org\/2000\/svg\" width=\"175.5\" height=\"73.1\" viewBox=\"0 0 175.5 73.1\" aria-hidden=\"true\"><path d=\"M104.3,73.1L175.5,0H71.2L0,73.1H104.3z\"><\/path><path fill=\"#2C2C2B\" d=\"M89.5,53C80.4,53,73,45.6,73,36.5S80.4,20,89.5,20S106,27.4,106,36.5S98.6,53,89.5,53z M89.5,23C82.1,23,76,29.1,76,36.5 S82.1,50,89.5,50S103,43.9,103,36.5S96.9,23,89.5,23z\"><\/path><path fill=\"#2C2C2B\" d=\"M86.5,44c-0.2,0-0.5-0.1-0.7-0.2C85.3,43.5,85,43,85,42.5v-12c0-0.6,0.3-1.1,0.8-1.3c0.5-0.3,1.1-0.2,1.5,0.1l9,6 c0.4,0.3,0.7,0.7,0.7,1.2s-0.3,1-0.7,1.2l-9,6C87.1,43.9,86.8,44,86.5,44z M88,33.3v6.4l4.8-3.2L88,33.3z\"><\/path><\/svg><\/span><span class=\"background opacity-70\"><\/span><\/button><div class=\"video-controls\"><button type=\"button\" class=\"video-controls__play\"><div class=\"is-playing is-active\"><span class=\"screen-reader-text\">Playing<\/span><span class=\"icon\"><svg xmlns=\"http:\/\/www.w3.org\/2000\/svg\" width=\"11\" height=\"14\" viewBox=\"0 0 11 14\" aria-hidden=\"true\"><path d=\"M0 0v14l11-7L0 0z\"><\/path><\/svg><\/span><\/div><div class=\"is-paused\"><span class=\"screen-reader-text\">Paused<\/span><span class=\"icon\"><svg xmlns=\"http:\/\/www.w3.org\/2000\/svg\" width=\"12\" height=\"14\" viewBox=\"0 0 12 14\" aria-hidden=\"true\"><path d=\"M0 14h4V0H0V14z M8 0v14h4V0H8z\"><\/path><\/svg><\/span><\/div><\/button><div class=\"video-controls__timeline\"><label class=\"screen-reader-text\" for=\"progress_887501cc7106\">Progress indicator<\/label><progress class=\"video-controls__progress\" id=\"progress_887501cc7106\" min=\"0\" max=\"100\" value=\"0\"><\/progress><\/div><div class=\"video-controls__volume\"><label class=\"screen-reader-text\" for=\"volume_887501cc7106\">Volume<\/label><div class=\"input-wrapper\"><input type=\"range\" class=\"input-range\" id=\"volume_887501cc7106\" min=\"0\" max=\"1\" step=\"0.1\" value=\"0.5\"\/><div class=\"input-range-appearance\"><div class=\"input-range-appearance__thumb\"><span class=\"input-range-appearance__thumb-knob\"><\/span><\/div><div class=\"input-range-appearance__track\"><span class=\"input-range-appearance__track-fill\"><\/span><\/div><\/div><\/div><\/div><button type=\"button\" class=\"video-controls__mute\"><div class=\"is-unmuted is-active\"><span class=\"screen-reader-text\">Unmuted<\/span><span class=\"icon\"><svg xmlns=\"http:\/\/www.w3.org\/2000\/svg\" width=\"18\" height=\"17.54\" viewBox=\"0 0 18 17.54\" aria-hidden=\"true\"><path d=\"M0 5.77v6h4l5 5v-16l-5 5zM13.5 8.77A4.5 4.5 0 0 0 11 4.74v8.05a4.475 4.475 0 0 0 2.5-4.02z\"><\/path><path d=\"M11 0v2.06a7.002 7.002 0 0 1 0 13.419v2.061c4.01-.91 7-4.488 7-8.77S15.01.91 11 0z\"><\/path><\/svg><\/span><\/div><div class=\"is-muted\"><span class=\"screen-reader-text\">Muted<\/span><span class=\"icon\"><svg xmlns=\"http:\/\/www.w3.org\/2000\/svg\" width=\"18\" height=\"18\" viewBox=\"0 0 18 18\" aria-hidden=\"true\"><path d=\"M13.5 9A4.5 4.5 0 0 0 11 4.97v2.21l2.45 2.45c.03-.2.05-.41.05-.63z\"><\/path><path d=\"M16 9c0 .939-.2 1.82-.54 2.641l1.511 1.51A8.814 8.814 0 0 0 18 9c0-4.28-2.99-7.86-7-8.77v2.06c2.891.86 5 3.54 5 6.71zM9 1 6.91 3.09 9 5.18zM1.27 0 0 1.27 4.73 6H0v6h4l5 5v-6.73l4.25 4.25c-.67.52-1.42.93-2.25 1.18v2.06a8.967 8.967 0 0 0 3.689-1.81L16.73 18 18 16.73l-9-9L1.27 0z\"><\/path><\/svg><\/span><\/div><\/button><\/div><video class=\"video-source has-poster is-cropped\" src=\"https:\/\/trokotex.com\/wp-content\/uploads\/2023\/12\/Trokotex_v4.mp4\" width=\"1920\" height=\"1080\" poster=\"https:\/\/trokotex.com\/wp-content\/uploads\/2023\/12\/Bez-tytulu.png\" playsinline><\/video><\/div><\/figure>\n\n\n\n<section id=\"o-nas-zbiorniki\" class=\"about section max-w-full mt-72\">\n<div class=\"about__inner-container inner-container is-root-container\">\n<div class=\"page-links container max-w-medium mt-72 mb-48\">\n<div class=\"page-links__buttons container max-w-medium\">\n<div class=\"page-links__button container\">\n<figure class=\"image\"><a href=\"\/o-nas\/#o-nas-zbiorniki\" class=\"inner-container\"><img loading=\"lazy\" decoding=\"async\" src=\"https:\/\/trokotex.com\/wp-content\/uploads\/2023\/09\/Component-16-\u2013-1.png\" class=\"wp-image-59\" width=\"202\" height=\"88\"\/><\/a><\/figure>\n<\/div>\n\n\n\n<div class=\"page-links__button container is-active\">\n<figure class=\"image\"><a href=\"\/o-nas\/zbiorniki#o-nas-zbiorniki\" class=\"inner-container\"><img loading=\"lazy\" decoding=\"async\" src=\"https:\/\/trokotex.com\/wp-content\/uploads\/2023\/09\/Component-17-\u2013-1.png\" class=\"wp-image-57\" width=\"202\" height=\"88\"\/><\/a><\/figure>\n<\/div>\n<\/div>\n<\/div>\n\n\n\n<div class=\"columns container max-w-medium\">\n<div class=\"column container\">\n<p class=\"text\"><\/p>\n<\/div>\n\n\n\n<div class=\"column container\">\n<p class=\"text\"><\/p>\n<\/div>\n<\/div>\n<\/div>\n<\/section>\n\n\n\n<section id=\"kariera\" class=\"career section max-w-full mt-96 mb-96\">\n<div class=\"career__inner-container inner-container is-root-container pt-lg pb-2xl\">\n<div class=\"career__header container max-w-medium\">\n<h2 class=\"career__header-title heading\">Kariera<\/h2>\n<\/div>\n\n\n\n<div class=\"career__wrapper container max-w-medium\">\n<div class=\"career__content container\">\n<p class=\"career__content-lead text\">Do\u0142\u0105cz do nas i we\u017a udzia\u0142 w budowaniu silnej pozycji naszej marki w Polsce i na rynkach zagranicznych. Sprawd\u017a aktualne oferty pracy i zaaplikuj.<\/p>\n\n\n\n<p class=\"career__content-text text\">Nasza kadra to zar\u00f3wno do\u015bwiadczeni, wykwalifikowani pracownicy jak i osoby m\u0142ode, rozpoczynaj\u0105ce swoj\u0105 \u015bcie\u017ck\u0119 zawodow\u0105. Od kandydat\u00f3w oczekujemy ch\u0119ci pog\u0142\u0119biania wiedzy, dzielenia si\u0119 w\u0142asnymi do\u015bwiadczeniami, entuzjazmu i zaanga\u017cowania.<\/p>\n<\/div>\n\n\n\n<div class=\"career__items container\">\n<div class=\"career__item container\">\n<p class=\"career__item-title text\"><strong>Pracownik produkcyjny<\/strong><\/p>\n\n\n\n<div class=\"career__item-icon image is-primary\"><img decoding=\"async\" src=\"https:\/\/trokotex.com\/wp-content\/uploads\/2023\/10\/Icon-feather-map-pin-1.svg\" class=\"wp-image-1307\"\/><\/div>\n\n\n\n<p class=\"career__item-place text\">Toru\u0144<\/p>\n<\/div>\n\n\n\n<div class=\"career__item container\">\n<p class=\"career__item-title text\"><strong>Pracownik produkcji \u2013 pomocnik operatora maszyny<\/strong><\/p>\n\n\n\n<div class=\"career__item-icon image is-primary\"><img decoding=\"async\" src=\"https:\/\/trokotex.com\/wp-content\/uploads\/2023\/10\/Icon-feather-map-pin-1.svg\" class=\"wp-image-1307\"\/><\/div>\n\n\n\n<p class=\"career__item-place text\">Toru\u0144<\/p>\n<\/div>\n<\/div>\n<\/div>\n<\/div>\n<\/section>\n\n\n\n<section id=\"nasz-zespol\" class=\"team section max-w-full mt-96 mb-96\">\n<div class=\"team__inner-container inner-container is-root-container\">\n<div class=\"team__header container max-w-medium\">\n<h2 class=\"team__title heading\">Nasz zesp\u00f3\u0142<\/h2>\n<\/div>\n\n\n\n<div class=\"tabs container max-w-medium js-tabs\">\n<div class=\"tabs__items container max-w-medium mb-64\">\n<button type=\"button\" class=\"tabs__item container js-tabs-toggle is-active\" data-target=\"biurowy\">\n<p class=\"text\">Biurowy<\/p>\n<\/button>\n\n\n\n<button type=\"button\" class=\"tabs__item container js-tabs-toggle\" data-target=\"produkcyjny\">\n<p>Produkcyjny<\/p>\n<\/button>\n<\/div>\n\n\n\n<div class=\"tabs__panels container\">\n<div id=\"biurowy\" class=\"tabs-panel container max-w-medium is-expanded\">\n<div class=\"team__item container\">\n<h3 class=\"team__item-name heading has-underline\">Dorota Gody\u0144<\/h3>\n\n\n\n<p class=\"team__item-position text has-underline\">Zapytaj o ofert\u0119<\/p>\n\n\n\n<p>tel. +48 728 540 350<\/p>\n\n\n\n<p>e-mail: zbiorniki@trokotex.pl<\/p>\n<\/div>\n\n\n\n<div class=\"team__item container\">\n\n\n<p class=\"team__item-position text has-underline\"><\/p>\n<\/div>\n<\/div>\n\n\n\n<div id=\"produkcyjny\" class=\"tabs container max-w-medium\"><\/div>\n<\/div>\n<\/div>\n<\/div>\n<\/section>\n\n\n\n<section id=\"nasi-partnerzy\" class=\"logos section max-w-full mt-96 mb-96\">\n<div class=\"logos__inner-container inner-container is-root-container pt-lg pb-lg\">\n<div class=\"logos__wrapper container max-w-medium\">\n<h2 class=\"logos__title heading\">Nasi <br>partnerzy<\/h2>\n\n\n\n<figure class=\"logos__gallery gallery\"><div class=\"gallery__inner-container items-3 md\/items-4 gaps-24 sm\/gaps-32 md\/gaps-40 lg\/gaps-48\">\n<div class=\"image\"><img loading=\"lazy\" decoding=\"async\" src=\"https:\/\/trokotex.com\/wp-content\/uploads\/2023\/11\/biprocemwap_logo.jpg\" class=\"wp-image-1395\" width=\"150\" height=\"22\"\/><\/div>\n\n\n\n<div class=\"image\"><img loading=\"lazy\" decoding=\"async\" src=\"https:\/\/trokotex.com\/wp-content\/uploads\/2023\/11\/CTO-S.A.jpg\" class=\"wp-image-1394\" width=\"46\" height=\"60\"\/><\/div>\n\n\n\n<div class=\"image\"><img loading=\"lazy\" decoding=\"async\" src=\"https:\/\/trokotex.com\/wp-content\/uploads\/2023\/11\/fosfan.jpg\" class=\"wp-image-1393\" width=\"54\" height=\"60\"\/><\/div>\n\n\n\n<div class=\"image\"><img loading=\"lazy\" decoding=\"async\" src=\"https:\/\/trokotex.com\/wp-content\/uploads\/2023\/11\/frosta.jpg\" class=\"wp-image-1392\" width=\"65\" height=\"60\"\/><\/div>\n\n\n\n<div class=\"image\"><img loading=\"lazy\" decoding=\"async\" src=\"https:\/\/trokotex.com\/wp-content\/uploads\/2023\/11\/kghm.jpg\" class=\"wp-image-1391\" width=\"150\" height=\"31\"\/><\/div>\n\n\n\n<div class=\"image\"><img loading=\"lazy\" decoding=\"async\" src=\"https:\/\/trokotex.com\/wp-content\/uploads\/2023\/11\/kemipol.jpg\" class=\"wp-image-1390\" width=\"150\" height=\"53\"\/><\/div>\n\n\n\n<div class=\"image\"><img loading=\"lazy\" decoding=\"async\" src=\"https:\/\/trokotex.com\/wp-content\/uploads\/2023\/11\/stalbudom.jpg\" class=\"wp-image-1387\" width=\"150\" height=\"45\"\/><\/div>\n\n\n\n<div class=\"image\"><img loading=\"lazy\" decoding=\"async\" src=\"https:\/\/trokotex.com\/wp-content\/uploads\/2023\/11\/ProMinent.jpg\" class=\"wp-image-1388\" width=\"150\" height=\"25\"\/><\/div>\n\n\n\n<div class=\"image\"><img loading=\"lazy\" decoding=\"async\" src=\"https:\/\/trokotex.com\/wp-content\/uploads\/2023\/11\/husar.jpg\" class=\"wp-image-1389\" width=\"150\" height=\"38\"\/><\/div>\n\n\n\n<div class=\"image\"><img loading=\"lazy\" decoding=\"async\" src=\"https:\/\/trokotex.com\/wp-content\/uploads\/2023\/11\/UDT.jpg\" class=\"wp-image-1385\" width=\"79\" height=\"60\"\/><\/div>\n\n\n\n<div class=\"image\"><img loading=\"lazy\" decoding=\"async\" src=\"https:\/\/trokotex.com\/wp-content\/uploads\/2023\/11\/strabag.jpg\" class=\"wp-image-1386\" width=\"145\" height=\"60\"\/><\/div>\n\n\n\n<div class=\"image\"><img loading=\"lazy\" decoding=\"async\" src=\"https:\/\/trokotex.com\/wp-content\/uploads\/2023\/11\/amica.png\" class=\"wp-image-1381\" width=\"79\" height=\"60\"\/><\/div>\n<\/div><\/figure>\n<\/div>\n<\/div>\n<\/section>\n\n\n\n<section id=\"certyfikaty\" class=\"certificates section max-w-full mt-96 mb-96\">\n<div class=\"certificates__inner-container inner-container is-root-container\">\n<div class=\"certificates__wrapper container max-w-medium\">\n<h2 class=\"certificates__title heading\">Certyfikaty<\/h2>\n\n\n\n<figure class=\"certificates__gallery gallery\"><div class=\"gallery__inner-container items-2 sm\/items-3 md\/items-4 gaps-16\">\n<div class=\"image\"><img loading=\"lazy\" decoding=\"async\" src=\"https:\/\/trokotex.com\/wp-content\/uploads\/2023\/12\/iso9001-zbiorniki.png\" alt=\"zbiorniki magazynowe certyfikat iso 9001 producent trokotex grp\" class=\"wp-image-1539\" width=\"679\" height=\"960\" srcset=\"https:\/\/trokotex.com\/wp-content\/uploads\/2023\/12\/iso9001-zbiorniki.png 679w, https:\/\/trokotex.com\/wp-content\/uploads\/2023\/12\/iso9001-zbiorniki-212x300.png 212w\" sizes=\"auto, (max-width: 679px) 100vw, 679px\" \/><\/div>\n\n\n\n<div class=\"image\"><img loading=\"lazy\" decoding=\"async\" src=\"https:\/\/trokotex.com\/wp-content\/uploads\/2023\/12\/atest.png\" class=\"wp-image-1550\" width=\"674\" height=\"955\" srcset=\"https:\/\/trokotex.com\/wp-content\/uploads\/2023\/12\/atest.png 674w, https:\/\/trokotex.com\/wp-content\/uploads\/2023\/12\/atest-212x300.png 212w\" sizes=\"auto, (max-width: 674px) 100vw, 674px\" \/><\/div>\n\n\n\n<div class=\"image\"><img loading=\"lazy\" decoding=\"async\" src=\"https:\/\/trokotex.com\/wp-content\/uploads\/2023\/12\/u1.png\" class=\"wp-image-1560\" width=\"678\" height=\"958\" srcset=\"https:\/\/trokotex.com\/wp-content\/uploads\/2023\/12\/u1.png 678w, https:\/\/trokotex.com\/wp-content\/uploads\/2023\/12\/u1-212x300.png 212w\" sizes=\"auto, (max-width: 678px) 100vw, 678px\" \/><\/div>\n\n\n\n<div class=\"image\"><img loading=\"lazy\" decoding=\"async\" src=\"https:\/\/trokotex.com\/wp-content\/uploads\/2023\/12\/u2.png\" class=\"wp-image-1561\" width=\"675\" height=\"954\" srcset=\"https:\/\/trokotex.com\/wp-content\/uploads\/2023\/12\/u2.png 675w, https:\/\/trokotex.com\/wp-content\/uploads\/2023\/12\/u2-212x300.png 212w\" sizes=\"auto, (max-width: 675px) 100vw, 675px\" \/><\/div>\n\n\n\n<div class=\"image\"><img loading=\"lazy\" decoding=\"async\" src=\"https:\/\/trokotex.com\/wp-content\/uploads\/2023\/12\/u3.png\" class=\"wp-image-1562\" width=\"677\" height=\"957\" srcset=\"https:\/\/trokotex.com\/wp-content\/uploads\/2023\/12\/u3.png 677w, https:\/\/trokotex.com\/wp-content\/uploads\/2023\/12\/u3-212x300.png 212w\" sizes=\"auto, (max-width: 677px) 100vw, 677px\" \/><\/div>\n\n\n\n<div class=\"image\"><img loading=\"lazy\" decoding=\"async\" src=\"https:\/\/trokotex.com\/wp-content\/uploads\/2024\/07\/zbiorniki-procesowe-trokotex-grp.png\" alt=\"zbiorniki procesowe wytwarzanie trokotex grp\" class=\"wp-image-3943\" width=\"679\" height=\"913\" srcset=\"https:\/\/trokotex.com\/wp-content\/uploads\/2024\/07\/zbiorniki-procesowe-trokotex-grp.png 679w, https:\/\/trokotex.com\/wp-content\/uploads\/2024\/07\/zbiorniki-procesowe-trokotex-grp-223x300.png 223w\" sizes=\"auto, (max-width: 679px) 100vw, 679px\" \/><\/div>\n\n\n\n<div class=\"image\"><img loading=\"lazy\" decoding=\"async\" src=\"https:\/\/trokotex.com\/wp-content\/uploads\/2024\/07\/zbiorniki-grp-trokotex-modernizacja.png\" alt=\"zbiorniki magazynowe modernizacja trokotex grp\" class=\"wp-image-3945\" width=\"673\" height=\"868\" srcset=\"https:\/\/trokotex.com\/wp-content\/uploads\/2024\/07\/zbiorniki-grp-trokotex-modernizacja.png 673w, https:\/\/trokotex.com\/wp-content\/uploads\/2024\/07\/zbiorniki-grp-trokotex-modernizacja-233x300.png 233w\" sizes=\"auto, (max-width: 673px) 100vw, 673px\" \/><\/div>\n\n\n\n<div class=\"image\"><img loading=\"lazy\" decoding=\"async\" src=\"https:\/\/trokotex.com\/wp-content\/uploads\/2024\/07\/zbiorniki-grp-naprawa-trokotex.png\" alt=\"zbiorniki przemys\u0142owe naprawa trokotex tws\" class=\"wp-image-3947\" width=\"671\" height=\"890\" srcset=\"https:\/\/trokotex.com\/wp-content\/uploads\/2024\/07\/zbiorniki-grp-naprawa-trokotex.png 671w, https:\/\/trokotex.com\/wp-content\/uploads\/2024\/07\/zbiorniki-grp-naprawa-trokotex-226x300.png 226w\" sizes=\"auto, (max-width: 671px) 100vw, 671px\" \/><\/div>\n<\/div><\/figure>\n<\/div>\n<\/div>\n<\/section>\n\n\n\n<section id=\"referencje\" class=\"references section max-w-full mt-96 mb-96\">\n<div class=\"references__inner-container inner-container is-root-container pb-sm\">\n<div class=\"references__wrapper container max-w-medium\">\n<h2 class=\"references__title heading\">Referencje<\/h2>\n\n\n\n<figure class=\"references__gallery gallery\"><div class=\"gallery__inner-container items-2 sm\/items-3 md\/items-4 gaps-16\">\n<div class=\"image\"><img loading=\"lazy\" decoding=\"async\" src=\"https:\/\/trokotex.com\/wp-content\/uploads\/2023\/10\/Mask-Group-69.jpg\" class=\"wp-image-733\" width=\"209\" height=\"268\"\/><\/div>\n\n\n\n<div class=\"image\"><img loading=\"lazy\" decoding=\"async\" src=\"https:\/\/trokotex.com\/wp-content\/uploads\/2023\/10\/Image-93.jpg\" class=\"wp-image-737\" width=\"204\" height=\"266\"\/><\/div>\n\n\n\n<div class=\"image\"><img loading=\"lazy\" decoding=\"async\" src=\"https:\/\/trokotex.com\/wp-content\/uploads\/2023\/10\/Image-94.jpg\" class=\"wp-image-738\" width=\"187\" height=\"266\"\/><\/div>\n\n\n\n<div class=\"image\"><img loading=\"lazy\" decoding=\"async\" src=\"https:\/\/trokotex.com\/wp-content\/uploads\/2023\/10\/Image-95.jpg\" class=\"wp-image-736\" width=\"189\" height=\"268\"\/><\/div>\n\n\n\n<div class=\"image\"><img loading=\"lazy\" decoding=\"async\" src=\"https:\/\/trokotex.com\/wp-content\/uploads\/2023\/10\/Image-96.jpg\" class=\"wp-image-735\" width=\"189\" height=\"268\"\/><\/div>\n\n\n\n<div class=\"image\"><img loading=\"lazy\" decoding=\"async\" src=\"https:\/\/trokotex.com\/wp-content\/uploads\/2023\/10\/Image-97.jpg\" class=\"wp-image-734\" width=\"189\" height=\"268\"\/><\/div>\n<\/div><\/figure>\n<\/div>\n<\/div>\n<\/section>\n","protected":false},"excerpt":{"rendered":"","protected":false},"author":1,"featured_media":0,"parent":9,"menu_order":0,"comment_status":"closed","ping_status":"closed","template":"templates\/template-blue-page.php","meta":{"footnotes":""},"class_list":["post-1230","page","type-page","status-publish","hentry"],"_links":{"self":[{"href":"https:\/\/trokotex.com\/index.php\/wp-json\/wp\/v2\/pages\/1230","targetHints":{"allow":["GET"]}}],"collection":[{"href":"https:\/\/trokotex.com\/index.php\/wp-json\/wp\/v2\/pages"}],"about":[{"href":"https:\/\/trokotex.com\/index.php\/wp-json\/wp\/v2\/types\/page"}],"author":[{"embeddable":true,"href":"https:\/\/trokotex.com\/index.php\/wp-json\/wp\/v2\/users\/1"}],"replies":[{"embeddable":true,"href":"https:\/\/trokotex.com\/index.php\/wp-json\/wp\/v2\/comments?post=1230"}],"version-history":[{"count":0,"href":"https:\/\/trokotex.com\/index.php\/wp-json\/wp\/v2\/pages\/1230\/revisions"}],"up":[{"embeddable":true,"href":"https:\/\/trokotex.com\/index.php\/wp-json\/wp\/v2\/pages\/9"}],"wp:attachment":[{"href":"https:\/\/trokotex.com\/index.php\/wp-json\/wp\/v2\/media?parent=1230"}],"curies":[{"name":"wp","href":"https:\/\/api.w.org\/{rel}","templated":true}]}}